{"id":447,"date":"2024-12-02T22:00:40","date_gmt":"2024-12-02T22:00:40","guid":{"rendered":"https:\/\/premiumkoreanheadspa.com\/?page_id=447"},"modified":"2024-12-24T21:04:25","modified_gmt":"2024-12-24T21:04:25","slug":"3s","status":"publish","type":"page","link":"https:\/\/premiumkoreanheadspa.com\/en\/3s\/","title":{"rendered":"3S"},"content":{"rendered":"<div data-elementor-type=\"wp-page\" data-elementor-id=\"447\" class=\"elementor elementor-447\">\n\t\t\t\t<div class=\"elementor-element elementor-element-632b3fef e-flex e-con-boxed wpr-particle-no wpr-jarallax-no wpr-parallax-no wpr-sticky-section-no e-con e-parent\" data-id=\"632b3fef\" data-element_type=\"container\">\n\t\t\t\t\t<div class=\"e-con-inner\">\n\t\t\t\t<div class=\"elementor-element elementor-element-7a003888 elementor-widget elementor-widget-heading\" data-id=\"7a003888\" data-element_type=\"widget\" data-widget_type=\"heading.default\">\n\t\t\t\t<div class=\"elementor-widget-container\">\n\t\t\t\t\t<h2 class=\"elementor-heading-title elementor-size-default\">Treatmans<\/h2>\t\t\t\t<\/div>\n\t\t\t\t<\/div>\n\t\t\t\t\t<\/div>\n\t\t\t\t<\/div>\n\t\t<div class=\"elementor-element elementor-element-193c6f82 e-flex e-con-boxed wpr-particle-no wpr-jarallax-no wpr-parallax-no wpr-sticky-section-no e-con e-parent\" data-id=\"193c6f82\" data-element_type=\"container\">\n\t\t\t\t\t<div class=\"e-con-inner\">\n\t\t<div class=\"elementor-element elementor-element-2772f151 e-grid e-con-full wpr-particle-no wpr-jarallax-no wpr-parallax-no wpr-sticky-section-no e-con e-child\" data-id=\"2772f151\" data-element_type=\"container\" data-settings=\"{&quot;background_background&quot;:&quot;classic&quot;}\">\n\t\t\t\t<div class=\"elementor-element elementor-element-69be0443 elementor-widget elementor-widget-spacer\" data-id=\"69be0443\" data-element_type=\"widget\" data-widget_type=\"spacer.default\">\n\t\t\t\t<div class=\"elementor-widget-container\">\n\t\t\t\t\t\t\t<div class=\"elementor-spacer\">\n\t\t\t<div class=\"elementor-spacer-inner\"><\/div>\n\t\t<\/div>\n\t\t\t\t\t\t<\/div>\n\t\t\t\t<\/div>\n\t\t\t\t<div class=\"elementor-element elementor-element-7e881cbd elementor-widget elementor-widget-image\" data-id=\"7e881cbd\" data-element_type=\"widget\" data-widget_type=\"image.default\">\n\t\t\t\t<div class=\"elementor-widget-container\">\n\t\t\t\t\t\t\t\t\t\t\t\t\t\t\t<img decoding=\"async\" width=\"42\" height=\"28\" src=\"https:\/\/premiumkoreanheadspa.com\/wp-content\/uploads\/2024\/12\/Group.svg\" class=\"attachment-full size-full wp-image-672\" alt=\"\" \/>\t\t\t\t\t\t\t\t\t\t\t\t\t\t\t<\/div>\n\t\t\t\t<\/div>\n\t\t\t\t<div class=\"elementor-element elementor-element-974a10f elementor-widget__width-initial elementor-widget elementor-widget-heading\" data-id=\"974a10f\" data-element_type=\"widget\" data-widget_type=\"heading.default\">\n\t\t\t\t<div class=\"elementor-widget-container\">\n\t\t\t\t\t<h2 class=\"elementor-heading-title elementor-size-default\">Scalp Scaling Therapy<\/h2>\t\t\t\t<\/div>\n\t\t\t\t<\/div>\n\t\t\t\t<\/div>\n\t\t<div class=\"elementor-element elementor-element-decb5b5 e-con-full e-flex wpr-particle-no wpr-jarallax-no wpr-parallax-no wpr-sticky-section-no e-con e-child\" data-id=\"decb5b5\" data-element_type=\"container\">\n\t\t<div class=\"elementor-element elementor-element-44e8903e e-con-full e-flex wpr-particle-no wpr-jarallax-no wpr-parallax-no wpr-sticky-section-no e-con e-child\" data-id=\"44e8903e\" data-element_type=\"container\">\n\t\t\t\t<div class=\"elementor-element elementor-element-39859e7b elementor-widget elementor-widget-heading\" data-id=\"39859e7b\" data-element_type=\"widget\" data-widget_type=\"heading.default\">\n\t\t\t\t<div class=\"elementor-widget-container\">\n\t\t\t\t\t<h2 class=\"elementor-heading-title elementor-size-default\">3S Scalp Scaling Therapy<\/h2>\t\t\t\t<\/div>\n\t\t\t\t<\/div>\n\t\t\t\t<\/div>\n\t\t\t\t<div class=\"elementor-element elementor-element-69855480 elementor-widget elementor-widget-n-accordion\" data-id=\"69855480\" data-element_type=\"widget\" data-settings=\"{&quot;default_state&quot;:&quot;expanded&quot;,&quot;max_items_expended&quot;:&quot;one&quot;,&quot;n_accordion_animation_duration&quot;:{&quot;unit&quot;:&quot;ms&quot;,&quot;size&quot;:400,&quot;sizes&quot;:[]}}\" data-widget_type=\"nested-accordion.default\">\n\t\t\t\t<div class=\"elementor-widget-container\">\n\t\t\t\t\t\t\t<div class=\"e-n-accordion\" aria-label=\"Accordion. Open links with Enter or Space, close with Escape, and navigate with Arrow Keys\">\n\t\t\t\t\t\t<details id=\"e-n-accordion-item-1770\" class=\"e-n-accordion-item\" open>\n\t\t\t\t<summary class=\"e-n-accordion-item-title\" data-accordion-index=\"1\" tabindex=\"0\" aria-expanded=\"true\" aria-controls=\"e-n-accordion-item-1770\" >\n\t\t\t\t\t<span class='e-n-accordion-item-title-header'><div class=\"e-n-accordion-item-title-text\"> Who it\u2019s for <\/div><\/span>\n\t\t\t\t\t\t\t<span class='e-n-accordion-item-title-icon'>\n\t\t\t<span class='e-opened' ><svg xmlns=\"http:\/\/www.w3.org\/2000\/svg\" width=\"12\" height=\"18\" viewbox=\"0 0 12 18\" fill=\"none\"><path d=\"M5.46967 17.5303C5.76256 17.8232 6.23744 17.8232 6.53033 17.5303L11.3033 12.7574C11.5962 12.4645 11.5962 11.9896 11.3033 11.6967C11.0104 11.4038 10.5355 11.4038 10.2426 11.6967L6 15.9393L1.75736 11.6967C1.46447 11.4038 0.989592 11.4038 0.696699 11.6967C0.403805 11.9896 0.403805 12.4645 0.696699 12.7574L5.46967 17.5303ZM5.25 -3.27835e-08L5.25 17L6.75 17L6.75 3.27835e-08L5.25 -3.27835e-08Z\" fill=\"black\"><\/path><\/svg><\/span>\n\t\t\t<span class='e-closed'><svg xmlns=\"http:\/\/www.w3.org\/2000\/svg\" width=\"19\" height=\"13\" viewbox=\"0 0 19 13\" fill=\"none\"><path d=\"M18.0303 7.03033C18.3232 6.73744 18.3232 6.26256 18.0303 5.96967L13.2574 1.1967C12.9645 0.903806 12.4896 0.903806 12.1967 1.1967C11.9038 1.48959 11.9038 1.96447 12.1967 2.25736L16.4393 6.5L12.1967 10.7426C11.9038 11.0355 11.9038 11.5104 12.1967 11.8033C12.4896 12.0962 12.9645 12.0962 13.2574 11.8033L18.0303 7.03033ZM0.5 7.25L17.5 7.25V5.75L0.5 5.75L0.5 7.25Z\" fill=\"black\"><\/path><\/svg><\/span>\n\t\t<\/span>\n\n\t\t\t\t\t\t<\/summary>\n\t\t\t\t<div role=\"region\" aria-labelledby=\"e-n-accordion-item-1770\" class=\"elementor-element elementor-element-776c1579 e-con-full e-flex wpr-particle-no wpr-jarallax-no wpr-parallax-no wpr-sticky-section-no e-con e-child\" data-id=\"776c1579\" data-element_type=\"container\">\n\t\t\t\t<div class=\"elementor-element elementor-element-d256dd4 elementor-widget elementor-widget-text-editor\" data-id=\"d256dd4\" data-element_type=\"widget\" data-widget_type=\"text-editor.default\">\n\t\t\t\t<div class=\"elementor-widget-container\">\n\t\t\t\t\t\t\t\t\t<p>Our scalp exfoliation treatment is the perfect solution for anyone seeking a deep cleansing for their scalp. This treatment offers thorough care and refreshment, making it an ideal choice for anyone looking to improve the health of their scalp. It can easily be integrated into your routine, providing additional support for healthy hair and scalp.\nIt ensures personalized care and revitalization tailored to your needs, achieving optimal results for all scalp types.<\/p>\t\t\t\t\t\t\t\t<\/div>\n\t\t\t\t<\/div>\n\t\t\t\t<\/div>\n\t\t\t\t\t<\/details>\n\t\t\t\t\t\t<details id=\"e-n-accordion-item-1771\" class=\"e-n-accordion-item\" >\n\t\t\t\t<summary class=\"e-n-accordion-item-title\" data-accordion-index=\"2\" tabindex=\"-1\" aria-expanded=\"false\" aria-controls=\"e-n-accordion-item-1771\" >\n\t\t\t\t\t<span class='e-n-accordion-item-title-header'><div class=\"e-n-accordion-item-title-text\"> Benefits <\/div><\/span>\n\t\t\t\t\t\t\t<span class='e-n-accordion-item-title-icon'>\n\t\t\t<span class='e-opened' ><svg xmlns=\"http:\/\/www.w3.org\/2000\/svg\" width=\"12\" height=\"18\" viewbox=\"0 0 12 18\" fill=\"none\"><path d=\"M5.46967 17.5303C5.76256 17.8232 6.23744 17.8232 6.53033 17.5303L11.3033 12.7574C11.5962 12.4645 11.5962 11.9896 11.3033 11.6967C11.0104 11.4038 10.5355 11.4038 10.2426 11.6967L6 15.9393L1.75736 11.6967C1.46447 11.4038 0.989592 11.4038 0.696699 11.6967C0.403805 11.9896 0.403805 12.4645 0.696699 12.7574L5.46967 17.5303ZM5.25 -3.27835e-08L5.25 17L6.75 17L6.75 3.27835e-08L5.25 -3.27835e-08Z\" fill=\"black\"><\/path><\/svg><\/span>\n\t\t\t<span class='e-closed'><svg xmlns=\"http:\/\/www.w3.org\/2000\/svg\" width=\"19\" height=\"13\" viewbox=\"0 0 19 13\" fill=\"none\"><path d=\"M18.0303 7.03033C18.3232 6.73744 18.3232 6.26256 18.0303 5.96967L13.2574 1.1967C12.9645 0.903806 12.4896 0.903806 12.1967 1.1967C11.9038 1.48959 11.9038 1.96447 12.1967 2.25736L16.4393 6.5L12.1967 10.7426C11.9038 11.0355 11.9038 11.5104 12.1967 11.8033C12.4896 12.0962 12.9645 12.0962 13.2574 11.8033L18.0303 7.03033ZM0.5 7.25L17.5 7.25V5.75L0.5 5.75L0.5 7.25Z\" fill=\"black\"><\/path><\/svg><\/span>\n\t\t<\/span>\n\n\t\t\t\t\t\t<\/summary>\n\t\t\t\t<div role=\"region\" aria-labelledby=\"e-n-accordion-item-1771\" class=\"elementor-element elementor-element-2a71d504 e-con-full e-flex wpr-particle-no wpr-jarallax-no wpr-parallax-no wpr-sticky-section-no e-con e-child\" data-id=\"2a71d504\" data-element_type=\"container\">\n\t\t\t\t<div class=\"elementor-element elementor-element-38f00e4c elementor-widget elementor-widget-text-editor\" data-id=\"38f00e4c\" data-element_type=\"widget\" data-widget_type=\"text-editor.default\">\n\t\t\t\t<div class=\"elementor-widget-container\">\n\t\t\t\t\t\t\t\t\tDeep Cleaning: Removes dead skin cells and unclogs pores, leaving the scalp fresh and clean.\npH Balance: Restores the optimal pH level of the scalp, which is crucial for healthier hair growth.\nLong-lasting Care: Extends the effects of previous treatments and maintains the health of the scalp, making it an ideal addition to your hair care routine.\t\t\t\t\t\t\t\t<\/div>\n\t\t\t\t<\/div>\n\t\t\t\t<\/div>\n\t\t\t\t\t<\/details>\n\t\t\t\t\t<\/div>\n\t\t\t\t\t\t<\/div>\n\t\t\t\t<\/div>\n\t\t<div class=\"elementor-element elementor-element-5eda5814 e-con-full e-flex wpr-particle-no wpr-jarallax-no wpr-parallax-no wpr-sticky-section-no e-con e-child\" data-id=\"5eda5814\" data-element_type=\"container\">\n\t\t\t\t<div class=\"elementor-element elementor-element-5b8ec9a8 elementor-widget elementor-widget-heading\" data-id=\"5b8ec9a8\" data-element_type=\"widget\" data-widget_type=\"heading.default\">\n\t\t\t\t<div class=\"elementor-widget-container\">\n\t\t\t\t\t<h2 class=\"elementor-heading-title elementor-size-default\">Price<\/h2>\t\t\t\t<\/div>\n\t\t\t\t<\/div>\n\t\t\t\t<div class=\"elementor-element elementor-element-75f1130c elementor-widget elementor-widget-heading\" data-id=\"75f1130c\" data-element_type=\"widget\" data-widget_type=\"heading.default\">\n\t\t\t\t<div class=\"elementor-widget-container\">\n\t\t\t\t\t<h2 class=\"elementor-heading-title elementor-size-default\">12000,00 RSD<\/h2>\t\t\t\t<\/div>\n\t\t\t\t<\/div>\n\t\t\t\t<\/div>\n\t\t\t\t<\/div>\n\t\t\t\t\t<\/div>\n\t\t\t\t<\/div>\n\t\t<div class=\"elementor-element elementor-element-7012cadc e-con-full e-flex wpr-particle-no wpr-jarallax-no wpr-parallax-no wpr-sticky-section-no e-con e-parent\" data-id=\"7012cadc\" data-element_type=\"container\">\n\t\t<div class=\"elementor-element elementor-element-58500fa4 e-con-full e-flex wpr-particle-no wpr-jarallax-no wpr-parallax-no wpr-sticky-section-no e-con e-child\" data-id=\"58500fa4\" data-element_type=\"container\">\n\t\t\t\t<div class=\"elementor-element elementor-element-1671f720 elementor-widget elementor-widget-heading\" data-id=\"1671f720\" data-element_type=\"widget\" data-widget_type=\"heading.default\">\n\t\t\t\t<div class=\"elementor-widget-container\">\n\t\t\t\t\t<h2 class=\"elementor-heading-title elementor-size-default\">Ostali tretmani<\/h2>\t\t\t\t<\/div>\n\t\t\t\t<\/div>\n\t\t\t\t<div class=\"elementor-element elementor-element-7b7f809c elementor-widget elementor-widget-shortcode\" data-id=\"7b7f809c\" data-element_type=\"widget\" data-widget_type=\"shortcode.default\">\n\t\t\t\t<div class=\"elementor-widget-container\">\n\t\t\t\t\t\t\t<div class=\"elementor-shortcode\"><div class=\"horizontal-scroll-wrapper\">\n                <div class=\"horizontal-scroll-content\">\n    \n        <div class=\"horizontal-scroll-item\">\n            <a href=\"https:\/\/premiumkoreanheadspa.com\/en\/10B\/\">\n                <div class=\"item-title\">10B<\/div>\n                <div class=\"item-content\">Brain Solution Therapy with Silver Comb<\/div>\n            <\/a>\n        <\/div>\n    \n    \n        <div class=\"horizontal-scroll-item\">\n            <a href=\"https:\/\/premiumkoreanheadspa.com\/en\/5D\/\">\n                <div class=\"item-title\">5D<\/div>\n                <div class=\"item-content\">Scalp Detox Therapy<\/div>\n            <\/a>\n        <\/div>\n    \n    \n        <div class=\"horizontal-scroll-item\">\n            <a href=\"https:\/\/premiumkoreanheadspa.com\/en\/12P\/\">\n                <div class=\"item-title\">12P<\/div>\n                <div class=\"item-content\">Depecia Care<\/div>\n            <\/a>\n        <\/div>\n    \n    \n        <div class=\"horizontal-scroll-item\">\n            <a href=\"https:\/\/premiumkoreanheadspa.com\/en\/EH+\/\">\n                <div class=\"item-title\">EH+<\/div>\n                <div class=\"item-content\">Hair Repair Program<\/div>\n            <\/a>\n        <\/div>\n    \n    \n        <div class=\"horizontal-scroll-item\">\n            <a href=\"https:\/\/premiumkoreanheadspa.com\/en\/7M-OS\/\">\n                <div class=\"item-title\">7M OS<\/div>\n                <div class=\"item-content\">By Scalp Type Oily Scalp<\/div>\n            <\/a>\n        <\/div>\n    \n    \n        <div class=\"horizontal-scroll-item\">\n            <a href=\"https:\/\/premiumkoreanheadspa.com\/en\/7M-DS\/\">\n                <div class=\"item-title\">7M DS<\/div>\n                <div class=\"item-content\">By Scalp Type Dry & Sensitive Scalp<\/div>\n            <\/a>\n        <\/div>\n    \n    \n        <div class=\"horizontal-scroll-item\">\n            <a href=\"https:\/\/premiumkoreanheadspa.com\/en\/8KH\/\">\n                <div class=\"item-title\">8KH<\/div>\n                <div class=\"item-content\">Healing Aroma Line<\/div>\n            <\/a>\n        <\/div>\n    \n<\/div>\n                <button class=\"scroll-arrow prev-arrow\" aria-label=\"Scroll Left\">\n                    <img decoding=\"async\" src=\"https:\/\/premiumkoreanheadspa.com\/wp-content\/plugins\/novtech-slider\/assets\/ArrowRight.svg\" alt=\"Previous\">\n                <\/button>\n                <button class=\"scroll-arrow next-arrow\" aria-label=\"Scroll Right\">\n                    <img decoding=\"async\" src=\"https:\/\/premiumkoreanheadspa.com\/wp-content\/plugins\/novtech-slider\/assets\/ArrowRight.svg\" alt=\"Next\">\n                <\/button>\n            <\/div><\/div>\n\t\t\t\t\t\t<\/div>\n\t\t\t\t<\/div>\n\t\t\t\t<\/div>\n\t\t\t\t<\/div>\n\t\t\t\t<\/div>","protected":false},"excerpt":{"rendered":"<p>Tretmani Scalp Scaling Therapy 3S Scalp Scaling Therapy Kome je namenjen Na\u0161 tretman eksfolijacije ko\u017ee glave je savr\u0161eno re\u0161enje za sve osobe koje tra\u017ee dubinski tretman skalpa. Ovaj tretman nudi temeljnu negu i osve\u017eenje, \u010dine\u0107i ga idealnim izborom za svakoga ko \u017eeli pobolj\u0161ati zdravlje ko\u017ee glave. Tako\u0111e, mo\u017ee se lako uklopiti u va\u0161u rutinu, pru\u017eaju\u0107i dodatnu podr\u0161ku zdravlju kose i skalpa. Osigurava personalizovanu negu i revitalizaciju, prilago\u0111enu va\u0161im potrebama, \u010dime se posti\u017ee optimalan u\u010dinak za sve tipove ko\u017ee glave. Prednosti Dubinsko \u010di\u0161\u0107enje: Uklanja mrtve \u0107elije i otvara pore, ostavljaju\u0107i ko\u017eu glave sve\u017eom i \u010distom. PH balans: Vra\u0107a optimalnu pH vrednost ko\u017ee glave, \u0161to je klju\u010dno za zdraviji rast kose. Dugotrajna nega: Produ\u017eava efekte prethodnih tretmana i odr\u017eava zdravlje temena, \u010dine\u0107i ga idealnim dodatkom u va\u0161oj rutini nege kose. Na\u0161 tretman eksfolijacije ko\u017ee glave je savr\u0161eno re\u0161enje za sve osobe koje tra\u017ee dubinski tretman skalpa. Ovaj tretman nudi temeljnu negu i osve\u017eenje, \u010dine\u0107i ga idealnim izborom za svakoga ko \u017eeli pobolj\u0161ati zdravlje ko\u017ee glave. Tako\u0111e, mo\u017ee se lako uklopiti u va\u0161u rutinu, pru\u017eaju\u0107i dodatnu podr\u0161ku zdravlju kose i skalpa. Osigurava personalizovanu negu i revitalizaciju, prilago\u0111enu va\u0161im potrebama, \u010dime se posti\u017ee optimalan u\u010dinak za sve tipove ko\u017ee glave. Dubinsko \u010di\u0161\u0107enje: Uklanja mrtve \u0107elije i otvara pore, ostavljaju\u0107i ko\u017eu glave sve\u017eom i \u010distom. PH balans: Vra\u0107a optimalnu pH vrednost ko\u017ee glave, \u0161to je klju\u010dno za zdraviji rast kose. Dugotrajna nega: Produ\u017eava efekte prethodnih tretmana i odr\u017eava zdravlje temena, \u010dine\u0107i ga idealnim dodatkom u va\u0161oj rutini nege kose. Cena 12000,00 RSD Ostali tretmani<\/p>","protected":false},"author":1,"featured_media":0,"parent":0,"menu_order":0,"comment_status":"closed","ping_status":"closed","template":"","meta":{"_acf_changed":false,"site-sidebar-layout":"no-sidebar","site-content-layout":"","ast-site-content-layout":"full-width-container","site-content-style":"default","site-sidebar-style":"default","ast-global-header-display":"","ast-banner-title-visibility":"","ast-main-header-display":"","ast-hfb-above-header-display":"","ast-hfb-below-header-display":"","ast-hfb-mobile-header-display":"","site-post-title":"disabled","ast-breadcrumbs-content":"","ast-featured-img":"disabled","footer-sml-layout":"","theme-transparent-header-meta":"","adv-header-id-meta":"","stick-header-meta":"","header-above-stick-meta":"","header-main-stick-meta":"","header-below-stick-meta":"","astra-migrate-meta-layouts":"default","ast-page-background-enabled":"default","ast-page-background-meta":{"desktop":{"background-color":"var(--ast-global-color-4)","background-image":"","background-repeat":"repeat","background-position":"center center","background-size":"auto","background-attachment":"scroll","background-type":"","background-media":"","overlay-type":"","overlay-color":"","overlay-opacity":"","overlay-gradient":""},"tablet":{"background-color":"","background-image":"","background-repeat":"repeat","background-position":"center center","background-size":"auto","background-attachment":"scroll","background-type":"","background-media":"","overlay-type":"","overlay-color":"","overlay-opacity":"","overlay-gradient":""},"mobile":{"background-color":"","background-image":"","background-repeat":"repeat","background-position":"center center","background-size":"auto","background-attachment":"scroll","background-type":"","background-media":"","overlay-type":"","overlay-color":"","overlay-opacity":"","overlay-gradient":""}},"ast-content-background-meta":{"desktop":{"background-color":"var(--ast-global-color-5)","background-image":"","background-repeat":"repeat","background-position":"center center","background-size":"auto","background-attachment":"scroll","background-type":"","background-media":"","overlay-type":"","overlay-color":"","overlay-opacity":"","overlay-gradient":""},"tablet":{"background-color":"var(--ast-global-color-5)","background-image":"","background-repeat":"repeat","background-position":"center center","background-size":"auto","background-attachment":"scroll","background-type":"","background-media":"","overlay-type":"","overlay-color":"","overlay-opacity":"","overlay-gradient":""},"mobile":{"background-color":"var(--ast-global-color-5)","background-image":"","background-repeat":"repeat","background-position":"center center","background-size":"auto","background-attachment":"scroll","background-type":"","background-media":"","overlay-type":"","overlay-color":"","overlay-opacity":"","overlay-gradient":""}},"footnotes":""},"class_list":["post-447","page","type-page","status-publish","hentry"],"acf":[],"_links":{"self":[{"href":"https:\/\/premiumkoreanheadspa.com\/en\/wp-json\/wp\/v2\/pages\/447","targetHints":{"allow":["GET"]}}],"collection":[{"href":"https:\/\/premiumkoreanheadspa.com\/en\/wp-json\/wp\/v2\/pages"}],"about":[{"href":"https:\/\/premiumkoreanheadspa.com\/en\/wp-json\/wp\/v2\/types\/page"}],"author":[{"embeddable":true,"href":"https:\/\/premiumkoreanheadspa.com\/en\/wp-json\/wp\/v2\/users\/1"}],"replies":[{"embeddable":true,"href":"https:\/\/premiumkoreanheadspa.com\/en\/wp-json\/wp\/v2\/comments?post=447"}],"version-history":[{"count":0,"href":"https:\/\/premiumkoreanheadspa.com\/en\/wp-json\/wp\/v2\/pages\/447\/revisions"}],"wp:attachment":[{"href":"https:\/\/premiumkoreanheadspa.com\/en\/wp-json\/wp\/v2\/media?parent=447"}],"curies":[{"name":"wp","href":"https:\/\/api.w.org\/{rel}","templated":true}]}}