{"id":449,"date":"2024-12-02T22:05:42","date_gmt":"2024-12-02T22:05:42","guid":{"rendered":"https:\/\/premiumkoreanheadspa.com\/?page_id=449"},"modified":"2025-04-28T17:51:57","modified_gmt":"2025-04-28T17:51:57","slug":"10b","status":"publish","type":"page","link":"https:\/\/premiumkoreanheadspa.com\/en\/10b\/","title":{"rendered":"10B"},"content":{"rendered":"<div data-elementor-type=\"wp-page\" data-elementor-id=\"449\" class=\"elementor elementor-449\">\n\t\t\t\t<div class=\"elementor-element elementor-element-2cb6b111 e-flex e-con-boxed wpr-particle-no wpr-jarallax-no wpr-parallax-no wpr-sticky-section-no e-con e-parent\" data-id=\"2cb6b111\" data-element_type=\"container\">\n\t\t\t\t\t<div class=\"e-con-inner\">\n\t\t\t\t<div class=\"elementor-element elementor-element-355f98a0 elementor-widget elementor-widget-heading\" data-id=\"355f98a0\" data-element_type=\"widget\" data-widget_type=\"heading.default\">\n\t\t\t\t<div class=\"elementor-widget-container\">\n\t\t\t\t\t<h2 class=\"elementor-heading-title elementor-size-default\">Treatmans<\/h2>\t\t\t\t<\/div>\n\t\t\t\t<\/div>\n\t\t\t\t\t<\/div>\n\t\t\t\t<\/div>\n\t\t<div class=\"elementor-element elementor-element-4ce75299 e-flex e-con-boxed wpr-particle-no wpr-jarallax-no wpr-parallax-no wpr-sticky-section-no e-con e-parent\" data-id=\"4ce75299\" data-element_type=\"container\">\n\t\t\t\t\t<div class=\"e-con-inner\">\n\t\t<div class=\"elementor-element elementor-element-552490a6 e-grid e-con-full wpr-particle-no wpr-jarallax-no wpr-parallax-no wpr-sticky-section-no e-con e-child\" data-id=\"552490a6\" data-element_type=\"container\" data-settings=\"{&quot;background_background&quot;:&quot;classic&quot;}\">\n\t\t\t\t<div class=\"elementor-element elementor-element-2fcd7455 elementor-widget elementor-widget-spacer\" data-id=\"2fcd7455\" data-element_type=\"widget\" data-widget_type=\"spacer.default\">\n\t\t\t\t<div class=\"elementor-widget-container\">\n\t\t\t\t\t\t\t<div class=\"elementor-spacer\">\n\t\t\t<div class=\"elementor-spacer-inner\"><\/div>\n\t\t<\/div>\n\t\t\t\t\t\t<\/div>\n\t\t\t\t<\/div>\n\t\t\t\t<div class=\"elementor-element elementor-element-651acfa3 elementor-widget elementor-widget-image\" data-id=\"651acfa3\" data-element_type=\"widget\" data-widget_type=\"image.default\">\n\t\t\t\t<div class=\"elementor-widget-container\">\n\t\t\t\t\t\t\t\t\t\t\t\t\t\t\t<img decoding=\"async\" width=\"38\" height=\"18\" src=\"https:\/\/premiumkoreanheadspa.com\/wp-content\/uploads\/2024\/12\/Group-11.svg\" class=\"attachment-full size-full wp-image-985\" alt=\"\" \/>\t\t\t\t\t\t\t\t\t\t\t\t\t\t\t<\/div>\n\t\t\t\t<\/div>\n\t\t\t\t<div class=\"elementor-element elementor-element-2d757205 elementor-widget__width-initial elementor-widget elementor-widget-heading\" data-id=\"2d757205\" data-element_type=\"widget\" data-widget_type=\"heading.default\">\n\t\t\t\t<div class=\"elementor-widget-container\">\n\t\t\t\t\t<h2 class=\"elementor-heading-title elementor-size-default\">Brain Solution Therapy\nwith Silver Comb<\/h2>\t\t\t\t<\/div>\n\t\t\t\t<\/div>\n\t\t\t\t<\/div>\n\t\t<div class=\"elementor-element elementor-element-69b2e24a e-con-full e-flex wpr-particle-no wpr-jarallax-no wpr-parallax-no wpr-sticky-section-no e-con e-child\" data-id=\"69b2e24a\" data-element_type=\"container\">\n\t\t<div class=\"elementor-element elementor-element-4f3df47a e-con-full e-flex wpr-particle-no wpr-jarallax-no wpr-parallax-no wpr-sticky-section-no e-con e-child\" data-id=\"4f3df47a\" data-element_type=\"container\">\n\t\t\t\t<div class=\"elementor-element elementor-element-14532e49 elementor-widget elementor-widget-heading\" data-id=\"14532e49\" data-element_type=\"widget\" data-widget_type=\"heading.default\">\n\t\t\t\t<div class=\"elementor-widget-container\">\n\t\t\t\t\t<h2 class=\"elementor-heading-title elementor-size-default\">10B Brain Solution Therapy with Silver\u00a0Comb<\/h2>\t\t\t\t<\/div>\n\t\t\t\t<\/div>\n\t\t\t\t<\/div>\n\t\t\t\t<div class=\"elementor-element elementor-element-1bf925f0 elementor-widget elementor-widget-n-accordion\" data-id=\"1bf925f0\" data-element_type=\"widget\" data-settings=\"{&quot;default_state&quot;:&quot;expanded&quot;,&quot;max_items_expended&quot;:&quot;one&quot;,&quot;n_accordion_animation_duration&quot;:{&quot;unit&quot;:&quot;ms&quot;,&quot;size&quot;:400,&quot;sizes&quot;:[]}}\" data-widget_type=\"nested-accordion.default\">\n\t\t\t\t<div class=\"elementor-widget-container\">\n\t\t\t\t\t\t\t<div class=\"e-n-accordion\" aria-label=\"Accordion. Open links with Enter or Space, close with Escape, and navigate with Arrow Keys\">\n\t\t\t\t\t\t<details id=\"e-n-accordion-item-4690\" class=\"e-n-accordion-item\" open>\n\t\t\t\t<summary class=\"e-n-accordion-item-title\" data-accordion-index=\"1\" tabindex=\"0\" aria-expanded=\"true\" aria-controls=\"e-n-accordion-item-4690\" >\n\t\t\t\t\t<span class='e-n-accordion-item-title-header'><div class=\"e-n-accordion-item-title-text\"> Who it\u2019s for <\/div><\/span>\n\t\t\t\t\t\t\t<span class='e-n-accordion-item-title-icon'>\n\t\t\t<span class='e-opened' ><svg xmlns=\"http:\/\/www.w3.org\/2000\/svg\" width=\"12\" height=\"18\" viewbox=\"0 0 12 18\" fill=\"none\"><path d=\"M5.46967 17.5303C5.76256 17.8232 6.23744 17.8232 6.53033 17.5303L11.3033 12.7574C11.5962 12.4645 11.5962 11.9896 11.3033 11.6967C11.0104 11.4038 10.5355 11.4038 10.2426 11.6967L6 15.9393L1.75736 11.6967C1.46447 11.4038 0.989592 11.4038 0.696699 11.6967C0.403805 11.9896 0.403805 12.4645 0.696699 12.7574L5.46967 17.5303ZM5.25 -3.27835e-08L5.25 17L6.75 17L6.75 3.27835e-08L5.25 -3.27835e-08Z\" fill=\"black\"><\/path><\/svg><\/span>\n\t\t\t<span class='e-closed'><svg xmlns=\"http:\/\/www.w3.org\/2000\/svg\" width=\"19\" height=\"13\" viewbox=\"0 0 19 13\" fill=\"none\"><path d=\"M18.0303 7.03033C18.3232 6.73744 18.3232 6.26256 18.0303 5.96967L13.2574 1.1967C12.9645 0.903806 12.4896 0.903806 12.1967 1.1967C11.9038 1.48959 11.9038 1.96447 12.1967 2.25736L16.4393 6.5L12.1967 10.7426C11.9038 11.0355 11.9038 11.5104 12.1967 11.8033C12.4896 12.0962 12.9645 12.0962 13.2574 11.8033L18.0303 7.03033ZM0.5 7.25L17.5 7.25V5.75L0.5 5.75L0.5 7.25Z\" fill=\"black\"><\/path><\/svg><\/span>\n\t\t<\/span>\n\n\t\t\t\t\t\t<\/summary>\n\t\t\t\t<div role=\"region\" aria-labelledby=\"e-n-accordion-item-4690\" class=\"elementor-element elementor-element-6f257060 e-con-full e-flex wpr-particle-no wpr-jarallax-no wpr-parallax-no wpr-sticky-section-no e-con e-child\" data-id=\"6f257060\" data-element_type=\"container\">\n\t\t\t\t<div class=\"elementor-element elementor-element-5a1dadca elementor-widget elementor-widget-text-editor\" data-id=\"5a1dadca\" data-element_type=\"widget\" data-widget_type=\"text-editor.default\">\n\t\t\t\t<div class=\"elementor-widget-container\">\n\t\t\t\t\t\t\t\t\t<p>This scalp therapy program provides relief and revitalization, incorporating the use of a silver comb for added stimulation of circulation and improved scalp health. The silver comb, known for its antibacterial properties, effectively helps remove impurities, reduces irritation, and further stimulates circulation during the massage, contributing to the optimal health of your hair and scalp.<\/p><p>The focus of this treatment is a specialized scalp massage that combines neuro-relaxation and facial relaxation, not only alleviating stress and pain but also promoting the regeneration of hair follicles, providing anti-aging care.<\/p>\t\t\t\t\t\t\t\t<\/div>\n\t\t\t\t<\/div>\n\t\t\t\t<\/div>\n\t\t\t\t\t<\/details>\n\t\t\t\t\t\t<details id=\"e-n-accordion-item-4691\" class=\"e-n-accordion-item\" >\n\t\t\t\t<summary class=\"e-n-accordion-item-title\" data-accordion-index=\"2\" tabindex=\"-1\" aria-expanded=\"false\" aria-controls=\"e-n-accordion-item-4691\" >\n\t\t\t\t\t<span class='e-n-accordion-item-title-header'><div class=\"e-n-accordion-item-title-text\"> Benefits <\/div><\/span>\n\t\t\t\t\t\t\t<span class='e-n-accordion-item-title-icon'>\n\t\t\t<span class='e-opened' ><svg xmlns=\"http:\/\/www.w3.org\/2000\/svg\" width=\"12\" height=\"18\" viewbox=\"0 0 12 18\" fill=\"none\"><path d=\"M5.46967 17.5303C5.76256 17.8232 6.23744 17.8232 6.53033 17.5303L11.3033 12.7574C11.5962 12.4645 11.5962 11.9896 11.3033 11.6967C11.0104 11.4038 10.5355 11.4038 10.2426 11.6967L6 15.9393L1.75736 11.6967C1.46447 11.4038 0.989592 11.4038 0.696699 11.6967C0.403805 11.9896 0.403805 12.4645 0.696699 12.7574L5.46967 17.5303ZM5.25 -3.27835e-08L5.25 17L6.75 17L6.75 3.27835e-08L5.25 -3.27835e-08Z\" fill=\"black\"><\/path><\/svg><\/span>\n\t\t\t<span class='e-closed'><svg xmlns=\"http:\/\/www.w3.org\/2000\/svg\" width=\"19\" height=\"13\" viewbox=\"0 0 19 13\" fill=\"none\"><path d=\"M18.0303 7.03033C18.3232 6.73744 18.3232 6.26256 18.0303 5.96967L13.2574 1.1967C12.9645 0.903806 12.4896 0.903806 12.1967 1.1967C11.9038 1.48959 11.9038 1.96447 12.1967 2.25736L16.4393 6.5L12.1967 10.7426C11.9038 11.0355 11.9038 11.5104 12.1967 11.8033C12.4896 12.0962 12.9645 12.0962 13.2574 11.8033L18.0303 7.03033ZM0.5 7.25L17.5 7.25V5.75L0.5 5.75L0.5 7.25Z\" fill=\"black\"><\/path><\/svg><\/span>\n\t\t<\/span>\n\n\t\t\t\t\t\t<\/summary>\n\t\t\t\t<div role=\"region\" aria-labelledby=\"e-n-accordion-item-4691\" class=\"elementor-element elementor-element-3a410db0 e-con-full e-flex wpr-particle-no wpr-jarallax-no wpr-parallax-no wpr-sticky-section-no e-con e-child\" data-id=\"3a410db0\" data-element_type=\"container\">\n\t\t\t\t<div class=\"elementor-element elementor-element-7b6bd347 elementor-widget elementor-widget-text-editor\" data-id=\"7b6bd347\" data-element_type=\"widget\" data-widget_type=\"text-editor.default\">\n\t\t\t\t<div class=\"elementor-widget-container\">\n\t\t\t\t\t\t\t\t\t<p>Neuro-Relaxation: This treatment offers deep neuro-relaxation that reduces tension and stress, helps alleviate insomnia, and improves circulation. Regular scalp massage can significantly decrease the frequency of headaches by relaxing the muscles of the neck and head, which reduces pressure on blood vessels and nerves.<\/p><p>Regeneration of Hair Follicles: The scalp massage stimulates circulation and increases the flow of nutrients to the follicles, encouraging hair regeneration. Research shows that better circulation contributes to the health of the follicles, resulting in stronger and thicker hair.<\/p><p>Scalp Exfoliation: By removing dead skin cells, this treatment ensures a clean and healthy environment for hair growth, reducing the risk of irritation and inflammation.<\/p><p>This treatment falls into the category of luxurious holistic care with long-term benefits for your hair and scalp.<\/p>\t\t\t\t\t\t\t\t<\/div>\n\t\t\t\t<\/div>\n\t\t\t\t<\/div>\n\t\t\t\t\t<\/details>\n\t\t\t\t\t<\/div>\n\t\t\t\t\t\t<\/div>\n\t\t\t\t<\/div>\n\t\t<div class=\"elementor-element elementor-element-5a424f e-con-full e-flex wpr-particle-no wpr-jarallax-no wpr-parallax-no wpr-sticky-section-no e-con e-child\" data-id=\"5a424f\" data-element_type=\"container\">\n\t\t\t\t<div class=\"elementor-element elementor-element-1f11dfbe elementor-widget elementor-widget-heading\" data-id=\"1f11dfbe\" data-element_type=\"widget\" data-widget_type=\"heading.default\">\n\t\t\t\t<div class=\"elementor-widget-container\">\n\t\t\t\t\t<h2 class=\"elementor-heading-title elementor-size-default\">Price<\/h2>\t\t\t\t<\/div>\n\t\t\t\t<\/div>\n\t\t\t\t<div class=\"elementor-element elementor-element-6b98463c elementor-widget elementor-widget-heading\" data-id=\"6b98463c\" data-element_type=\"widget\" data-widget_type=\"heading.default\">\n\t\t\t\t<div class=\"elementor-widget-container\">\n\t\t\t\t\t<h2 class=\"elementor-heading-title elementor-size-default\">22000,00 RSD<\/h2>\t\t\t\t<\/div>\n\t\t\t\t<\/div>\n\t\t\t\t<\/div>\n\t\t\t\t<\/div>\n\t\t\t\t\t<\/div>\n\t\t\t\t<\/div>\n\t\t<div class=\"elementor-element elementor-element-52e5a583 e-con-full e-flex wpr-particle-no wpr-jarallax-no wpr-parallax-no wpr-sticky-section-no e-con e-parent\" data-id=\"52e5a583\" data-element_type=\"container\">\n\t\t<div class=\"elementor-element elementor-element-5292e5fb e-con-full e-flex wpr-particle-no wpr-jarallax-no wpr-parallax-no wpr-sticky-section-no e-con e-child\" data-id=\"5292e5fb\" data-element_type=\"container\">\n\t\t\t\t<div class=\"elementor-element elementor-element-6fd07d3 elementor-widget elementor-widget-heading\" data-id=\"6fd07d3\" data-element_type=\"widget\" data-widget_type=\"heading.default\">\n\t\t\t\t<div class=\"elementor-widget-container\">\n\t\t\t\t\t<h2 class=\"elementor-heading-title elementor-size-default\">Ostali tretmani<\/h2>\t\t\t\t<\/div>\n\t\t\t\t<\/div>\n\t\t\t\t<div class=\"elementor-element elementor-element-474b7e7f elementor-widget elementor-widget-shortcode\" data-id=\"474b7e7f\" data-element_type=\"widget\" data-widget_type=\"shortcode.default\">\n\t\t\t\t<div class=\"elementor-widget-container\">\n\t\t\t\t\t\t\t<div class=\"elementor-shortcode\"><div class=\"horizontal-scroll-wrapper\">\n                <div class=\"horizontal-scroll-content\">\n    \n        <div class=\"horizontal-scroll-item\">\n            <a href=\"https:\/\/premiumkoreanheadspa.com\/en\/3S\/\">\n                <div class=\"item-title\">3S<\/div>\n                <div class=\"item-content\">Scalp Scalling Therapy<\/div>\n            <\/a>\n        <\/div>\n    \n    \n        <div class=\"horizontal-scroll-item\">\n            <a href=\"https:\/\/premiumkoreanheadspa.com\/en\/5D\/\">\n                <div class=\"item-title\">5D<\/div>\n                <div class=\"item-content\">Scalp Detox Therapy<\/div>\n            <\/a>\n        <\/div>\n    \n    \n        <div class=\"horizontal-scroll-item\">\n            <a href=\"https:\/\/premiumkoreanheadspa.com\/en\/12P\/\">\n                <div class=\"item-title\">12P<\/div>\n                <div class=\"item-content\">Depecia Care<\/div>\n            <\/a>\n        <\/div>\n    \n    \n        <div class=\"horizontal-scroll-item\">\n            <a href=\"https:\/\/premiumkoreanheadspa.com\/en\/EH+\/\">\n                <div class=\"item-title\">EH+<\/div>\n                <div class=\"item-content\">Hair Repair Program<\/div>\n            <\/a>\n        <\/div>\n    \n    \n        <div class=\"horizontal-scroll-item\">\n            <a href=\"https:\/\/premiumkoreanheadspa.com\/en\/7M-OS\/\">\n                <div class=\"item-title\">7M OS<\/div>\n                <div class=\"item-content\">By Scalp Type Oily Scalp<\/div>\n            <\/a>\n        <\/div>\n    \n    \n        <div class=\"horizontal-scroll-item\">\n            <a href=\"https:\/\/premiumkoreanheadspa.com\/en\/7M-DS\/\">\n                <div class=\"item-title\">7M DS<\/div>\n                <div class=\"item-content\">By Scalp Type Dry & Sensitive Scalp<\/div>\n            <\/a>\n        <\/div>\n    \n    \n        <div class=\"horizontal-scroll-item\">\n            <a href=\"https:\/\/premiumkoreanheadspa.com\/en\/8KH\/\">\n                <div class=\"item-title\">8KH<\/div>\n                <div class=\"item-content\">Healing Aroma Line<\/div>\n            <\/a>\n        <\/div>\n    \n<\/div>\n                <button class=\"scroll-arrow prev-arrow\" aria-label=\"Scroll Left\">\n                    <img decoding=\"async\" src=\"https:\/\/premiumkoreanheadspa.com\/wp-content\/plugins\/novtech-slider\/assets\/ArrowRight.svg\" alt=\"Previous\">\n                <\/button>\n                <button class=\"scroll-arrow next-arrow\" aria-label=\"Scroll Right\">\n                    <img decoding=\"async\" src=\"https:\/\/premiumkoreanheadspa.com\/wp-content\/plugins\/novtech-slider\/assets\/ArrowRight.svg\" alt=\"Next\">\n                <\/button>\n            <\/div><\/div>\n\t\t\t\t\t\t<\/div>\n\t\t\t\t<\/div>\n\t\t\t\t<\/div>\n\t\t\t\t<\/div>\n\t\t\t\t<\/div>","protected":false},"excerpt":{"rendered":"<p>Tretmani Brain Solution Therapy with Silver Comb 10B Brain Solution Therapy with Silver\u00a0Comb Kome je namenjen Program za terapiju temena, pru\u017ea olak\u0161anje i revitalizaciju, uklju\u010duju\u0107i kori\u0161\u0107enje srebrnog \u010de\u0161lja za dodatnu stimulaciju cirkulacije i pobolj\u0161anje zdravlja temena. Srebrni \u010de\u0161alj, poznat po svojim antibakterijskim svojstvima, efikasno poma\u017ee u uklanjanju ne\u010disto\u0107a, smanjuje iritacije, i dodatno podsti\u010de cirkulaciju tokom masa\u017ee, \u0161to doprinosi optimalnom zdravlju va\u0161e kose i temena. Fokus ovog tretmana je specijalizovana masa\u017ea temena koja kombinovanjem neuro-relaksacije i facijalne relaksacije, ne samo da ubla\u017eava stres i bolove, ve\u0107 i podsti\u010de regeneraciju folikula kose, pru\u017eaju\u0107i anti aging negu. Prednosti Neuro-Relaksacija: Ovaj tretman pru\u017ea duboku neuro-relaksaciju koja smanjuje napetost i stres, poma\u017ee u ubla\u017eavanju nesanice, i pobolj\u0161ava cirkulaciju. Redovna masa\u017ea glave mo\u017ee zna\u010dajno smanjiti u\u010destalost glavobolja, zahvaljuju\u0107i opu\u0161tanju mi\u0161i\u0107a vrata i glave, \u0161to smanjuje pritisak na krvne sudove i nerve. Regeneracija folikula kose: Masa\u017ea temena podsti\u010de cirkulaciju i pove\u0107ava dotok hranljivih materija do folikula, \u010dime se stimuli\u0161e regeneracija kose. Istra\u017eivanja pokazuju da bolja cirkulacija doprinosi zdravlju folikula, \u0161to rezultira ja\u010dom i gu\u0161\u0107om kosom. Skaliranje temena: Uklanjanjem mrtvih \u0107elija ko\u017ee, ovaj tretman osigurava \u010disto i zdravo okru\u017eenje za rast kose, smanjuju\u0107i rizik od iritacija i upala. Tretman spada u kategoriju luksuzne nege holisti\u010dkog pristupa sa dugoro\u010dnim benefitima za va\u0161u kosu i teme. Program za terapiju temena, pru\u017ea olak\u0161anje i revitalizaciju, uklju\u010duju\u0107i kori\u0161\u0107enje srebrnog \u010de\u0161lja za dodatnu stimulaciju cirkulacije i pobolj\u0161anje zdravlja temena. Srebrni \u010de\u0161alj, poznat po svojim antibakterijskim svojstvima, efikasno poma\u017ee u uklanjanju ne\u010disto\u0107a, smanjuje iritacije, i dodatno podsti\u010de cirkulaciju tokom masa\u017ee, \u0161to doprinosi optimalnom zdravlju va\u0161e kose i temena. Fokus ovog tretmana je specijalizovana masa\u017ea temena koja kombinovanjem neuro-relaksacije i facijalne relaksacije, ne samo da ubla\u017eava stres i bolove, ve\u0107 i podsti\u010de regeneraciju folikula kose, pru\u017eaju\u0107i anti aging negu. Neuro-Relaksacija: Ovaj tretman pru\u017ea duboku neuro-relaksaciju koja smanjuje napetost i stres, poma\u017ee u ubla\u017eavanju nesanice, i pobolj\u0161ava cirkulaciju. Redovna masa\u017ea glave mo\u017ee zna\u010dajno smanjiti u\u010destalost glavobolja, zahvaljuju\u0107i opu\u0161tanju mi\u0161i\u0107a vrata i glave, \u0161to smanjuje pritisak na krvne sudove i nerve. Regeneracija folikula kose: Masa\u017ea temena podsti\u010de cirkulaciju i pove\u0107ava dotok hranljivih materija do folikula, \u010dime se stimuli\u0161e regeneracija kose. Istra\u017eivanja pokazuju da bolja cirkulacija doprinosi zdravlju folikula, \u0161to rezultira ja\u010dom i gu\u0161\u0107om kosom. Skaliranje temena: Uklanjanjem mrtvih \u0107elija ko\u017ee, ovaj tretman osigurava \u010disto i zdravo okru\u017eenje za rast kose, smanjuju\u0107i rizik od iritacija i upala. Tretman spada u kategoriju luksuzne nege holisti\u010dkog pristupa sa dugoro\u010dnim benefitima za va\u0161u kosu i teme. Cena 22000,00 RSD Ostali tretmani<\/p>","protected":false},"author":1,"featured_media":0,"parent":0,"menu_order":0,"comment_status":"closed","ping_status":"closed","template":"","meta":{"_acf_changed":false,"site-sidebar-layout":"no-sidebar","site-content-layout":"","ast-site-content-layout":"full-width-container","site-content-style":"default","site-sidebar-style":"default","ast-global-header-display":"","ast-banner-title-visibility":"","ast-main-header-display":"","ast-hfb-above-header-display":"","ast-hfb-below-header-display":"","ast-hfb-mobile-header-display":"","site-post-title":"disabled","ast-breadcrumbs-content":"","ast-featured-img":"disabled","footer-sml-layout":"","theme-transparent-header-meta":"","adv-header-id-meta":"","stick-header-meta":"","header-above-stick-meta":"","header-main-stick-meta":"","header-below-stick-meta":"","astra-migrate-meta-layouts":"default","ast-page-background-enabled":"default","ast-page-background-meta":{"desktop":{"background-color":"var(--ast-global-color-4)","background-image":"","background-repeat":"repeat","background-position":"center center","background-size":"auto","background-attachment":"scroll","background-type":"","background-media":"","overlay-type":"","overlay-color":"","overlay-opacity":"","overlay-gradient":""},"tablet":{"background-color":"","background-image":"","background-repeat":"repeat","background-position":"center center","background-size":"auto","background-attachment":"scroll","background-type":"","background-media":"","overlay-type":"","overlay-color":"","overlay-opacity":"","overlay-gradient":""},"mobile":{"background-color":"","background-image":"","background-repeat":"repeat","background-position":"center center","background-size":"auto","background-attachment":"scroll","background-type":"","background-media":"","overlay-type":"","overlay-color":"","overlay-opacity":"","overlay-gradient":""}},"ast-content-background-meta":{"desktop":{"background-color":"var(--ast-global-color-5)","background-image":"","background-repeat":"repeat","background-position":"center center","background-size":"auto","background-attachment":"scroll","background-type":"","background-media":"","overlay-type":"","overlay-color":"","overlay-opacity":"","overlay-gradient":""},"tablet":{"background-color":"var(--ast-global-color-5)","background-image":"","background-repeat":"repeat","background-position":"center center","background-size":"auto","background-attachment":"scroll","background-type":"","background-media":"","overlay-type":"","overlay-color":"","overlay-opacity":"","overlay-gradient":""},"mobile":{"background-color":"var(--ast-global-color-5)","background-image":"","background-repeat":"repeat","background-position":"center center","background-size":"auto","background-attachment":"scroll","background-type":"","background-media":"","overlay-type":"","overlay-color":"","overlay-opacity":"","overlay-gradient":""}},"footnotes":""},"class_list":["post-449","page","type-page","status-publish","hentry"],"acf":[],"_links":{"self":[{"href":"https:\/\/premiumkoreanheadspa.com\/en\/wp-json\/wp\/v2\/pages\/449","targetHints":{"allow":["GET"]}}],"collection":[{"href":"https:\/\/premiumkoreanheadspa.com\/en\/wp-json\/wp\/v2\/pages"}],"about":[{"href":"https:\/\/premiumkoreanheadspa.com\/en\/wp-json\/wp\/v2\/types\/page"}],"author":[{"embeddable":true,"href":"https:\/\/premiumkoreanheadspa.com\/en\/wp-json\/wp\/v2\/users\/1"}],"replies":[{"embeddable":true,"href":"https:\/\/premiumkoreanheadspa.com\/en\/wp-json\/wp\/v2\/comments?post=449"}],"version-history":[{"count":0,"href":"https:\/\/premiumkoreanheadspa.com\/en\/wp-json\/wp\/v2\/pages\/449\/revisions"}],"wp:attachment":[{"href":"https:\/\/premiumkoreanheadspa.com\/en\/wp-json\/wp\/v2\/media?parent=449"}],"curies":[{"name":"wp","href":"https:\/\/api.w.org\/{rel}","templated":true}]}}