{"id":506,"date":"2024-12-09T09:31:08","date_gmt":"2024-12-09T09:31:08","guid":{"rendered":"https:\/\/premiumkoreanheadspa.com\/?page_id=506"},"modified":"2024-12-24T21:05:59","modified_gmt":"2024-12-24T21:05:59","slug":"5d","status":"publish","type":"page","link":"https:\/\/premiumkoreanheadspa.com\/en\/5d\/","title":{"rendered":"5D"},"content":{"rendered":"<div data-elementor-type=\"wp-page\" data-elementor-id=\"506\" class=\"elementor elementor-506\">\n\t\t\t\t<div class=\"elementor-element elementor-element-12c6a627 e-flex e-con-boxed wpr-particle-no wpr-jarallax-no wpr-parallax-no wpr-sticky-section-no e-con e-parent\" data-id=\"12c6a627\" data-element_type=\"container\">\n\t\t\t\t\t<div class=\"e-con-inner\">\n\t\t\t\t<div class=\"elementor-element elementor-element-74597438 elementor-widget elementor-widget-heading\" data-id=\"74597438\" data-element_type=\"widget\" data-widget_type=\"heading.default\">\n\t\t\t\t<div class=\"elementor-widget-container\">\n\t\t\t\t\t<h2 class=\"elementor-heading-title elementor-size-default\">Treatmans<\/h2>\t\t\t\t<\/div>\n\t\t\t\t<\/div>\n\t\t\t\t\t<\/div>\n\t\t\t\t<\/div>\n\t\t<div class=\"elementor-element elementor-element-4396cbb0 e-flex e-con-boxed wpr-particle-no wpr-jarallax-no wpr-parallax-no wpr-sticky-section-no e-con e-parent\" data-id=\"4396cbb0\" data-element_type=\"container\">\n\t\t\t\t\t<div class=\"e-con-inner\">\n\t\t<div class=\"elementor-element elementor-element-2327818f e-grid e-con-full wpr-particle-no wpr-jarallax-no wpr-parallax-no wpr-sticky-section-no e-con e-child\" data-id=\"2327818f\" data-element_type=\"container\" data-settings=\"{&quot;background_background&quot;:&quot;classic&quot;}\">\n\t\t\t\t<div class=\"elementor-element elementor-element-66d81fb2 elementor-widget elementor-widget-spacer\" data-id=\"66d81fb2\" data-element_type=\"widget\" data-widget_type=\"spacer.default\">\n\t\t\t\t<div class=\"elementor-widget-container\">\n\t\t\t\t\t\t\t<div class=\"elementor-spacer\">\n\t\t\t<div class=\"elementor-spacer-inner\"><\/div>\n\t\t<\/div>\n\t\t\t\t\t\t<\/div>\n\t\t\t\t<\/div>\n\t\t\t\t<div class=\"elementor-element elementor-element-2b700e32 elementor-widget elementor-widget-image\" data-id=\"2b700e32\" data-element_type=\"widget\" data-widget_type=\"image.default\">\n\t\t\t\t<div class=\"elementor-widget-container\">\n\t\t\t\t\t\t\t\t\t\t\t\t\t\t\t<img decoding=\"async\" width=\"30\" height=\"18\" src=\"https:\/\/premiumkoreanheadspa.com\/wp-content\/uploads\/2024\/12\/Group-9.svg\" class=\"attachment-full size-full wp-image-972\" alt=\"\" \/>\t\t\t\t\t\t\t\t\t\t\t\t\t\t\t<\/div>\n\t\t\t\t<\/div>\n\t\t\t\t<div class=\"elementor-element elementor-element-52d7dda2 elementor-widget__width-initial elementor-widget elementor-widget-heading\" data-id=\"52d7dda2\" data-element_type=\"widget\" data-widget_type=\"heading.default\">\n\t\t\t\t<div class=\"elementor-widget-container\">\n\t\t\t\t\t<h2 class=\"elementor-heading-title elementor-size-default\">Scalp Detox Therapy<\/h2>\t\t\t\t<\/div>\n\t\t\t\t<\/div>\n\t\t\t\t<\/div>\n\t\t<div class=\"elementor-element elementor-element-20467317 e-con-full e-flex wpr-particle-no wpr-jarallax-no wpr-parallax-no wpr-sticky-section-no e-con e-child\" data-id=\"20467317\" data-element_type=\"container\">\n\t\t<div class=\"elementor-element elementor-element-6e579e35 e-con-full e-flex wpr-particle-no wpr-jarallax-no wpr-parallax-no wpr-sticky-section-no e-con e-child\" data-id=\"6e579e35\" data-element_type=\"container\">\n\t\t\t\t<div class=\"elementor-element elementor-element-4dd98ea1 elementor-widget elementor-widget-heading\" data-id=\"4dd98ea1\" data-element_type=\"widget\" data-widget_type=\"heading.default\">\n\t\t\t\t<div class=\"elementor-widget-container\">\n\t\t\t\t\t<h2 class=\"elementor-heading-title elementor-size-default\">5D Scalp Detox Therapy<\/h2>\t\t\t\t<\/div>\n\t\t\t\t<\/div>\n\t\t\t\t<\/div>\n\t\t\t\t<div class=\"elementor-element elementor-element-225d116f elementor-widget elementor-widget-n-accordion\" data-id=\"225d116f\" data-element_type=\"widget\" data-settings=\"{&quot;default_state&quot;:&quot;expanded&quot;,&quot;max_items_expended&quot;:&quot;one&quot;,&quot;n_accordion_animation_duration&quot;:{&quot;unit&quot;:&quot;ms&quot;,&quot;size&quot;:400,&quot;sizes&quot;:[]}}\" data-widget_type=\"nested-accordion.default\">\n\t\t\t\t<div class=\"elementor-widget-container\">\n\t\t\t\t\t\t\t<div class=\"e-n-accordion\" aria-label=\"Accordion. Open links with Enter or Space, close with Escape, and navigate with Arrow Keys\">\n\t\t\t\t\t\t<details id=\"e-n-accordion-item-5760\" class=\"e-n-accordion-item\" open>\n\t\t\t\t<summary class=\"e-n-accordion-item-title\" data-accordion-index=\"1\" tabindex=\"0\" aria-expanded=\"true\" aria-controls=\"e-n-accordion-item-5760\" >\n\t\t\t\t\t<span class='e-n-accordion-item-title-header'><div class=\"e-n-accordion-item-title-text\"> Who it\u2019s for <\/div><\/span>\n\t\t\t\t\t\t\t<span class='e-n-accordion-item-title-icon'>\n\t\t\t<span class='e-opened' ><svg xmlns=\"http:\/\/www.w3.org\/2000\/svg\" width=\"12\" height=\"18\" viewbox=\"0 0 12 18\" fill=\"none\"><path d=\"M5.46967 17.5303C5.76256 17.8232 6.23744 17.8232 6.53033 17.5303L11.3033 12.7574C11.5962 12.4645 11.5962 11.9896 11.3033 11.6967C11.0104 11.4038 10.5355 11.4038 10.2426 11.6967L6 15.9393L1.75736 11.6967C1.46447 11.4038 0.989592 11.4038 0.696699 11.6967C0.403805 11.9896 0.403805 12.4645 0.696699 12.7574L5.46967 17.5303ZM5.25 -3.27835e-08L5.25 17L6.75 17L6.75 3.27835e-08L5.25 -3.27835e-08Z\" fill=\"black\"><\/path><\/svg><\/span>\n\t\t\t<span class='e-closed'><svg xmlns=\"http:\/\/www.w3.org\/2000\/svg\" width=\"19\" height=\"13\" viewbox=\"0 0 19 13\" fill=\"none\"><path d=\"M18.0303 7.03033C18.3232 6.73744 18.3232 6.26256 18.0303 5.96967L13.2574 1.1967C12.9645 0.903806 12.4896 0.903806 12.1967 1.1967C11.9038 1.48959 11.9038 1.96447 12.1967 2.25736L16.4393 6.5L12.1967 10.7426C11.9038 11.0355 11.9038 11.5104 12.1967 11.8033C12.4896 12.0962 12.9645 12.0962 13.2574 11.8033L18.0303 7.03033ZM0.5 7.25L17.5 7.25V5.75L0.5 5.75L0.5 7.25Z\" fill=\"black\"><\/path><\/svg><\/span>\n\t\t<\/span>\n\n\t\t\t\t\t\t<\/summary>\n\t\t\t\t<div role=\"region\" aria-labelledby=\"e-n-accordion-item-5760\" class=\"elementor-element elementor-element-776f5106 e-con-full e-flex wpr-particle-no wpr-jarallax-no wpr-parallax-no wpr-sticky-section-no e-con e-child\" data-id=\"776f5106\" data-element_type=\"container\">\n\t\t\t\t<div class=\"elementor-element elementor-element-3f33d783 elementor-widget elementor-widget-text-editor\" data-id=\"3f33d783\" data-element_type=\"widget\" data-widget_type=\"text-editor.default\">\n\t\t\t\t<div class=\"elementor-widget-container\">\n\t\t\t\t\t\t\t\t\t<p>We can't avoid the pollution that surrounds us, but we can avoid chemical treatments. If you frequently change your hair color or face daily stress, you may benefit from scalp detoxification. Scalp detox therapy is the perfect solution for a healthier scalp, leading to healthier and fuller hair. This carefully designed treatment provides deep care after coloring or other chemical processes, removing impurities and toxins. This detoxification is crucial for strengthening the hair roots and maintaining a healthy scalp, thus reducing the risk of scalp issues and hair loss.<\/p>\t\t\t\t\t\t\t\t<\/div>\n\t\t\t\t<\/div>\n\t\t\t\t<\/div>\n\t\t\t\t\t<\/details>\n\t\t\t\t\t\t<details id=\"e-n-accordion-item-5761\" class=\"e-n-accordion-item\" >\n\t\t\t\t<summary class=\"e-n-accordion-item-title\" data-accordion-index=\"2\" tabindex=\"-1\" aria-expanded=\"false\" aria-controls=\"e-n-accordion-item-5761\" >\n\t\t\t\t\t<span class='e-n-accordion-item-title-header'><div class=\"e-n-accordion-item-title-text\"> Benefits <\/div><\/span>\n\t\t\t\t\t\t\t<span class='e-n-accordion-item-title-icon'>\n\t\t\t<span class='e-opened' ><svg xmlns=\"http:\/\/www.w3.org\/2000\/svg\" width=\"12\" height=\"18\" viewbox=\"0 0 12 18\" fill=\"none\"><path d=\"M5.46967 17.5303C5.76256 17.8232 6.23744 17.8232 6.53033 17.5303L11.3033 12.7574C11.5962 12.4645 11.5962 11.9896 11.3033 11.6967C11.0104 11.4038 10.5355 11.4038 10.2426 11.6967L6 15.9393L1.75736 11.6967C1.46447 11.4038 0.989592 11.4038 0.696699 11.6967C0.403805 11.9896 0.403805 12.4645 0.696699 12.7574L5.46967 17.5303ZM5.25 -3.27835e-08L5.25 17L6.75 17L6.75 3.27835e-08L5.25 -3.27835e-08Z\" fill=\"black\"><\/path><\/svg><\/span>\n\t\t\t<span class='e-closed'><svg xmlns=\"http:\/\/www.w3.org\/2000\/svg\" width=\"19\" height=\"13\" viewbox=\"0 0 19 13\" fill=\"none\"><path d=\"M18.0303 7.03033C18.3232 6.73744 18.3232 6.26256 18.0303 5.96967L13.2574 1.1967C12.9645 0.903806 12.4896 0.903806 12.1967 1.1967C11.9038 1.48959 11.9038 1.96447 12.1967 2.25736L16.4393 6.5L12.1967 10.7426C11.9038 11.0355 11.9038 11.5104 12.1967 11.8033C12.4896 12.0962 12.9645 12.0962 13.2574 11.8033L18.0303 7.03033ZM0.5 7.25L17.5 7.25V5.75L0.5 5.75L0.5 7.25Z\" fill=\"black\"><\/path><\/svg><\/span>\n\t\t<\/span>\n\n\t\t\t\t\t\t<\/summary>\n\t\t\t\t<div role=\"region\" aria-labelledby=\"e-n-accordion-item-5761\" class=\"elementor-element elementor-element-26c9ebeb e-con-full e-flex wpr-particle-no wpr-jarallax-no wpr-parallax-no wpr-sticky-section-no e-con e-child\" data-id=\"26c9ebeb\" data-element_type=\"container\">\n\t\t\t\t<div class=\"elementor-element elementor-element-7bdbb2de elementor-widget elementor-widget-text-editor\" data-id=\"7bdbb2de\" data-element_type=\"widget\" data-widget_type=\"text-editor.default\">\n\t\t\t\t<div class=\"elementor-widget-container\">\n\t\t\t\t\t\t\t\t\t<p>Effective removal of color and chemical residues: The innovative steam cap allows for quick and thorough cleansing, removing all unwanted residues from hair and scalp.<br \/>Pore opening for deep detoxification: The steam helps open the pores, enabling deep cleaning and toxin release, while preparing the scalp for more effective absorption of nutrients.<br \/>5D Scalp detox therapy does not affect the longevity of hair color; it solely focuses on detoxifying the scalp, deep cleansing, and improving scalp health without compromising colored hair.<\/p>\t\t\t\t\t\t\t\t<\/div>\n\t\t\t\t<\/div>\n\t\t\t\t<\/div>\n\t\t\t\t\t<\/details>\n\t\t\t\t\t<\/div>\n\t\t\t\t\t\t<\/div>\n\t\t\t\t<\/div>\n\t\t<div class=\"elementor-element elementor-element-33ddb953 e-con-full e-flex wpr-particle-no wpr-jarallax-no wpr-parallax-no wpr-sticky-section-no e-con e-child\" data-id=\"33ddb953\" data-element_type=\"container\">\n\t\t\t\t<div class=\"elementor-element elementor-element-232b72c8 elementor-widget elementor-widget-heading\" data-id=\"232b72c8\" data-element_type=\"widget\" data-widget_type=\"heading.default\">\n\t\t\t\t<div class=\"elementor-widget-container\">\n\t\t\t\t\t<h2 class=\"elementor-heading-title elementor-size-default\">Price<\/h2>\t\t\t\t<\/div>\n\t\t\t\t<\/div>\n\t\t\t\t<div class=\"elementor-element elementor-element-5c90d023 elementor-widget elementor-widget-heading\" data-id=\"5c90d023\" data-element_type=\"widget\" data-widget_type=\"heading.default\">\n\t\t\t\t<div class=\"elementor-widget-container\">\n\t\t\t\t\t<h2 class=\"elementor-heading-title elementor-size-default\">14000,00 RSD<\/h2>\t\t\t\t<\/div>\n\t\t\t\t<\/div>\n\t\t\t\t<\/div>\n\t\t\t\t<\/div>\n\t\t\t\t\t<\/div>\n\t\t\t\t<\/div>\n\t\t<div class=\"elementor-element elementor-element-3e0427be e-con-full e-flex wpr-particle-no wpr-jarallax-no wpr-parallax-no wpr-sticky-section-no e-con e-parent\" data-id=\"3e0427be\" data-element_type=\"container\">\n\t\t<div class=\"elementor-element elementor-element-9167d41 e-con-full e-flex wpr-particle-no wpr-jarallax-no wpr-parallax-no wpr-sticky-section-no e-con e-child\" data-id=\"9167d41\" data-element_type=\"container\">\n\t\t\t\t<div class=\"elementor-element elementor-element-48d71576 elementor-widget elementor-widget-heading\" data-id=\"48d71576\" data-element_type=\"widget\" data-widget_type=\"heading.default\">\n\t\t\t\t<div class=\"elementor-widget-container\">\n\t\t\t\t\t<h2 class=\"elementor-heading-title elementor-size-default\">Ostali tretmani<\/h2>\t\t\t\t<\/div>\n\t\t\t\t<\/div>\n\t\t\t\t<div class=\"elementor-element elementor-element-152ac6b0 elementor-widget elementor-widget-shortcode\" data-id=\"152ac6b0\" data-element_type=\"widget\" data-widget_type=\"shortcode.default\">\n\t\t\t\t<div class=\"elementor-widget-container\">\n\t\t\t\t\t\t\t<div class=\"elementor-shortcode\"><div class=\"horizontal-scroll-wrapper\">\n                <div class=\"horizontal-scroll-content\">\n    \n        <div class=\"horizontal-scroll-item\">\n            <a href=\"https:\/\/premiumkoreanheadspa.com\/en\/3S\/\">\n                <div class=\"item-title\">3S<\/div>\n                <div class=\"item-content\">Scalp Scalling Therapy<\/div>\n            <\/a>\n        <\/div>\n    \n    \n        <div class=\"horizontal-scroll-item\">\n            <a href=\"https:\/\/premiumkoreanheadspa.com\/en\/10B\/\">\n                <div class=\"item-title\">10B<\/div>\n                <div class=\"item-content\">Brain Solution Therapy with Silver Comb<\/div>\n            <\/a>\n        <\/div>\n    \n    \n        <div class=\"horizontal-scroll-item\">\n            <a href=\"https:\/\/premiumkoreanheadspa.com\/en\/12P\/\">\n                <div class=\"item-title\">12P<\/div>\n                <div class=\"item-content\">Depecia Care<\/div>\n            <\/a>\n        <\/div>\n    \n    \n        <div class=\"horizontal-scroll-item\">\n            <a href=\"https:\/\/premiumkoreanheadspa.com\/en\/EH+\/\">\n                <div class=\"item-title\">EH+<\/div>\n                <div class=\"item-content\">Hair Repair Program<\/div>\n            <\/a>\n        <\/div>\n    \n    \n        <div class=\"horizontal-scroll-item\">\n            <a href=\"https:\/\/premiumkoreanheadspa.com\/en\/7M-OS\/\">\n                <div class=\"item-title\">7M OS<\/div>\n                <div class=\"item-content\">By Scalp Type Oily Scalp<\/div>\n            <\/a>\n        <\/div>\n    \n    \n        <div class=\"horizontal-scroll-item\">\n            <a href=\"https:\/\/premiumkoreanheadspa.com\/en\/7M-DS\/\">\n                <div class=\"item-title\">7M DS<\/div>\n                <div class=\"item-content\">By Scalp Type Dry & Sensitive Scalp<\/div>\n            <\/a>\n        <\/div>\n    \n    \n        <div class=\"horizontal-scroll-item\">\n            <a href=\"https:\/\/premiumkoreanheadspa.com\/en\/8KH\/\">\n                <div class=\"item-title\">8KH<\/div>\n                <div class=\"item-content\">Healing Aroma Line<\/div>\n            <\/a>\n        <\/div>\n    \n<\/div>\n                <button class=\"scroll-arrow prev-arrow\" aria-label=\"Scroll Left\">\n                    <img decoding=\"async\" src=\"https:\/\/premiumkoreanheadspa.com\/wp-content\/plugins\/novtech-slider\/assets\/ArrowRight.svg\" alt=\"Previous\">\n                <\/button>\n                <button class=\"scroll-arrow next-arrow\" aria-label=\"Scroll Right\">\n                    <img decoding=\"async\" src=\"https:\/\/premiumkoreanheadspa.com\/wp-content\/plugins\/novtech-slider\/assets\/ArrowRight.svg\" alt=\"Next\">\n                <\/button>\n            <\/div><\/div>\n\t\t\t\t\t\t<\/div>\n\t\t\t\t<\/div>\n\t\t\t\t<\/div>\n\t\t\t\t<\/div>\n\t\t\t\t<\/div>","protected":false},"excerpt":{"rendered":"<p>Tretmani Scalp Detox Therapy 5D Scalp Detox Therapy Kome je namenjen Zaga\u0111enje koje nas okru\u017euje ne mo\u017eemo da izbegnemo, ali hemijske tretmane mo\u017eemo. Ukoliko \u010desto menjate boju kose ili se suo\u010davate sa svakodnevnim stresom, mo\u017eete se podvrgnuti detoksikaciji temena. Scalp detox therapy je perfektno re\u0161enje za zdravije teme i time zdraviju i bujniju kosu. Ovaj pa\u017eljivo osmi\u0161ljen tretman pru\u017ea dubinsku negu nakon farbanja ili drugih hemijskih tretmana, uklanjaju\u0107i ne\u010disto\u0107e i toksine. Ova detoksikacija je klju\u010dna za ja\u010danje korena kose i odr\u017eavanje zdravog temena, \u010dime se smanjuje rizik od problema sa temenom i opadanja kose. Prednosti Efikasno uklanjanje ostataka boje i hemikalija: Inovativna kapa sa steamer sprejom omogu\u0107ava brzo i temeljno \u010di\u0161\u0107enje, uklanjaju\u0107i sve ne\u017eeljene ostatke iz kose i ko\u017ee glave.Otvaranje pora za dubinsku detoksikaciju: Para poma\u017ee u otvaranju pora, \u0161to omogu\u0107ava dubinsko \u010di\u0161\u0107enje i osloba\u0111anje od toksina, uz pripremu ko\u017ee glavu za efikasnije absorbovanje hranljivih sastojaka.5D Scalp detox therapy ne uti\u010de na postojanost boje kose, ve\u0107 se isklju\u010divo fokusira na detoksikaciju temena, dubinsko \u010di\u0161\u0107enje i pobolj\u0161anje zdravlja ko\u017ee glave bez kompromitovanja farbane kose. Zaga\u0111enje koje nas okru\u017euje ne mo\u017eemo da izbegnemo, ali hemijske tretmane mo\u017eemo. Ukoliko \u010desto menjate boju kose ili se suo\u010davate sa svakodnevnim stresom, mo\u017eete se podvrgnuti detoksikaciji temena. Scalp detox therapy je perfektno re\u0161enje za zdravije teme i time zdraviju i bujniju kosu. Ovaj pa\u017eljivo osmi\u0161ljen tretman pru\u017ea dubinsku negu nakon farbanja ili drugih hemijskih tretmana, uklanjaju\u0107i ne\u010disto\u0107e i toksine. Ova detoksikacija je klju\u010dna za ja\u010danje korena kose i odr\u017eavanje zdravog temena, \u010dime se smanjuje rizik od problema sa temenom i opadanja kose. Efikasno uklanjanje ostataka boje i hemikalija: Inovativna kapa sa steamer sprejom omogu\u0107ava brzo i temeljno \u010di\u0161\u0107enje, uklanjaju\u0107i sve ne\u017eeljene ostatke iz kose i ko\u017ee glave.Otvaranje pora za dubinsku detoksikaciju: Para poma\u017ee u otvaranju pora, \u0161to omogu\u0107ava dubinsko \u010di\u0161\u0107enje i osloba\u0111anje od toksina, uz pripremu ko\u017ee glavu za efikasnije absorbovanje hranljivih sastojaka.5D Scalp detox therapy ne uti\u010de na postojanost boje kose, ve\u0107 se isklju\u010divo fokusira na detoksikaciju temena, dubinsko \u010di\u0161\u0107enje i pobolj\u0161anje zdravlja ko\u017ee glave bez kompromitovanja farbane kose. Cena 14000,00 RSD Ostali tretmani<\/p>","protected":false},"author":1,"featured_media":0,"parent":0,"menu_order":0,"comment_status":"closed","ping_status":"closed","template":"","meta":{"_acf_changed":false,"site-sidebar-layout":"no-sidebar","site-content-layout":"","ast-site-content-layout":"full-width-container","site-content-style":"default","site-sidebar-style":"default","ast-global-header-display":"","ast-banner-title-visibility":"","ast-main-header-display":"","ast-hfb-above-header-display":"","ast-hfb-below-header-display":"","ast-hfb-mobile-header-display":"","site-post-title":"disabled","ast-breadcrumbs-content":"","ast-featured-img":"disabled","footer-sml-layout":"","theme-transparent-header-meta":"","adv-header-id-meta":"","stick-header-meta":"","header-above-stick-meta":"","header-main-stick-meta":"","header-below-stick-meta":"","astra-migrate-meta-layouts":"default","ast-page-background-enabled":"default","ast-page-background-meta":{"desktop":{"background-color":"var(--ast-global-color-4)","background-image":"","background-repeat":"repeat","background-position":"center center","background-size":"auto","background-attachment":"scroll","background-type":"","background-media":"","overlay-type":"","overlay-color":"","overlay-opacity":"","overlay-gradient":""},"tablet":{"background-color":"","background-image":"","background-repeat":"repeat","background-position":"center center","background-size":"auto","background-attachment":"scroll","background-type":"","background-media":"","overlay-type":"","overlay-color":"","overlay-opacity":"","overlay-gradient":""},"mobile":{"background-color":"","background-image":"","background-repeat":"repeat","background-position":"center center","background-size":"auto","background-attachment":"scroll","background-type":"","background-media":"","overlay-type":"","overlay-color":"","overlay-opacity":"","overlay-gradient":""}},"ast-content-background-meta":{"desktop":{"background-color":"var(--ast-global-color-5)","background-image":"","background-repeat":"repeat","background-position":"center center","background-size":"auto","background-attachment":"scroll","background-type":"","background-media":"","overlay-type":"","overlay-color":"","overlay-opacity":"","overlay-gradient":""},"tablet":{"background-color":"var(--ast-global-color-5)","background-image":"","background-repeat":"repeat","background-position":"center center","background-size":"auto","background-attachment":"scroll","background-type":"","background-media":"","overlay-type":"","overlay-color":"","overlay-opacity":"","overlay-gradient":""},"mobile":{"background-color":"var(--ast-global-color-5)","background-image":"","background-repeat":"repeat","background-position":"center center","background-size":"auto","background-attachment":"scroll","background-type":"","background-media":"","overlay-type":"","overlay-color":"","overlay-opacity":"","overlay-gradient":""}},"footnotes":""},"class_list":["post-506","page","type-page","status-publish","hentry"],"acf":[],"_links":{"self":[{"href":"https:\/\/premiumkoreanheadspa.com\/en\/wp-json\/wp\/v2\/pages\/506","targetHints":{"allow":["GET"]}}],"collection":[{"href":"https:\/\/premiumkoreanheadspa.com\/en\/wp-json\/wp\/v2\/pages"}],"about":[{"href":"https:\/\/premiumkoreanheadspa.com\/en\/wp-json\/wp\/v2\/types\/page"}],"author":[{"embeddable":true,"href":"https:\/\/premiumkoreanheadspa.com\/en\/wp-json\/wp\/v2\/users\/1"}],"replies":[{"embeddable":true,"href":"https:\/\/premiumkoreanheadspa.com\/en\/wp-json\/wp\/v2\/comments?post=506"}],"version-history":[{"count":0,"href":"https:\/\/premiumkoreanheadspa.com\/en\/wp-json\/wp\/v2\/pages\/506\/revisions"}],"wp:attachment":[{"href":"https:\/\/premiumkoreanheadspa.com\/en\/wp-json\/wp\/v2\/media?parent=506"}],"curies":[{"name":"wp","href":"https:\/\/api.w.org\/{rel}","templated":true}]}}