{"id":510,"date":"2024-12-09T09:31:42","date_gmt":"2024-12-09T09:31:42","guid":{"rendered":"https:\/\/premiumkoreanheadspa.com\/?page_id=510"},"modified":"2024-12-22T14:59:42","modified_gmt":"2024-12-22T14:59:42","slug":"eh","status":"publish","type":"page","link":"https:\/\/premiumkoreanheadspa.com\/en\/eh\/","title":{"rendered":"EH+"},"content":{"rendered":"<div data-elementor-type=\"wp-page\" data-elementor-id=\"510\" class=\"elementor elementor-510\">\n\t\t\t\t<div class=\"elementor-element elementor-element-7e251ff5 e-flex e-con-boxed wpr-particle-no wpr-jarallax-no wpr-parallax-no wpr-sticky-section-no e-con e-parent\" data-id=\"7e251ff5\" data-element_type=\"container\">\n\t\t\t\t\t<div class=\"e-con-inner\">\n\t\t\t\t<div class=\"elementor-element elementor-element-78e31539 elementor-widget elementor-widget-heading\" data-id=\"78e31539\" data-element_type=\"widget\" data-widget_type=\"heading.default\">\n\t\t\t\t<div class=\"elementor-widget-container\">\n\t\t\t\t\t<h2 class=\"elementor-heading-title elementor-size-default\">Treatmants<\/h2>\t\t\t\t<\/div>\n\t\t\t\t<\/div>\n\t\t\t\t\t<\/div>\n\t\t\t\t<\/div>\n\t\t<div class=\"elementor-element elementor-element-f09f741 e-flex e-con-boxed wpr-particle-no wpr-jarallax-no wpr-parallax-no wpr-sticky-section-no e-con e-parent\" data-id=\"f09f741\" data-element_type=\"container\">\n\t\t\t\t\t<div class=\"e-con-inner\">\n\t\t<div class=\"elementor-element elementor-element-5c458fc4 e-grid e-con-full wpr-particle-no wpr-jarallax-no wpr-parallax-no wpr-sticky-section-no e-con e-child\" data-id=\"5c458fc4\" data-element_type=\"container\" data-settings=\"{&quot;background_background&quot;:&quot;classic&quot;}\">\n\t\t\t\t<div class=\"elementor-element elementor-element-6d888b9a elementor-widget elementor-widget-spacer\" data-id=\"6d888b9a\" data-element_type=\"widget\" data-widget_type=\"spacer.default\">\n\t\t\t\t<div class=\"elementor-widget-container\">\n\t\t\t\t\t\t\t<div class=\"elementor-spacer\">\n\t\t\t<div class=\"elementor-spacer-inner\"><\/div>\n\t\t<\/div>\n\t\t\t\t\t\t<\/div>\n\t\t\t\t<\/div>\n\t\t\t\t<div class=\"elementor-element elementor-element-596e64c1 elementor-widget elementor-widget-image\" data-id=\"596e64c1\" data-element_type=\"widget\" data-widget_type=\"image.default\">\n\t\t\t\t<div class=\"elementor-widget-container\">\n\t\t\t\t\t\t\t\t\t\t\t\t\t\t\t<img decoding=\"async\" width=\"43\" height=\"18\" src=\"https:\/\/premiumkoreanheadspa.com\/wp-content\/uploads\/2024\/12\/Group-14.svg\" class=\"attachment-full size-full wp-image-1063\" alt=\"\" \/>\t\t\t\t\t\t\t\t\t\t\t\t\t\t\t<\/div>\n\t\t\t\t<\/div>\n\t\t\t\t<div class=\"elementor-element elementor-element-76c634e8 elementor-widget__width-initial elementor-widget elementor-widget-heading\" data-id=\"76c634e8\" data-element_type=\"widget\" data-widget_type=\"heading.default\">\n\t\t\t\t<div class=\"elementor-widget-container\">\n\t\t\t\t\t<h2 class=\"elementor-heading-title elementor-size-default\">Hair repair program <\/h2>\t\t\t\t<\/div>\n\t\t\t\t<\/div>\n\t\t\t\t<\/div>\n\t\t<div class=\"elementor-element elementor-element-652a7bfc e-con-full e-flex wpr-particle-no wpr-jarallax-no wpr-parallax-no wpr-sticky-section-no e-con e-child\" data-id=\"652a7bfc\" data-element_type=\"container\">\n\t\t<div class=\"elementor-element elementor-element-5a6f546a e-con-full e-flex wpr-particle-no wpr-jarallax-no wpr-parallax-no wpr-sticky-section-no e-con e-child\" data-id=\"5a6f546a\" data-element_type=\"container\">\n\t\t\t\t<div class=\"elementor-element elementor-element-ff2225e elementor-widget elementor-widget-heading\" data-id=\"ff2225e\" data-element_type=\"widget\" data-widget_type=\"heading.default\">\n\t\t\t\t<div class=\"elementor-widget-container\">\n\t\t\t\t\t<h2 class=\"elementor-heading-title elementor-size-default\">EH+ Hair repair program<\/h2>\t\t\t\t<\/div>\n\t\t\t\t<\/div>\n\t\t\t\t<\/div>\n\t\t\t\t<div class=\"elementor-element elementor-element-75ee509 elementor-widget elementor-widget-n-accordion\" data-id=\"75ee509\" data-element_type=\"widget\" data-settings=\"{&quot;default_state&quot;:&quot;expanded&quot;,&quot;max_items_expended&quot;:&quot;one&quot;,&quot;n_accordion_animation_duration&quot;:{&quot;unit&quot;:&quot;ms&quot;,&quot;size&quot;:400,&quot;sizes&quot;:[]}}\" data-widget_type=\"nested-accordion.default\">\n\t\t\t\t<div class=\"elementor-widget-container\">\n\t\t\t\t\t\t\t<div class=\"e-n-accordion\" aria-label=\"Accordion. Open links with Enter or Space, close with Escape, and navigate with Arrow Keys\">\n\t\t\t\t\t\t<details id=\"e-n-accordion-item-1230\" class=\"e-n-accordion-item\" open>\n\t\t\t\t<summary class=\"e-n-accordion-item-title\" data-accordion-index=\"1\" tabindex=\"0\" aria-expanded=\"true\" aria-controls=\"e-n-accordion-item-1230\" >\n\t\t\t\t\t<span class='e-n-accordion-item-title-header'><div class=\"e-n-accordion-item-title-text\"> Who it\u2019s for <\/div><\/span>\n\t\t\t\t\t\t\t<span class='e-n-accordion-item-title-icon'>\n\t\t\t<span class='e-opened' ><svg xmlns=\"http:\/\/www.w3.org\/2000\/svg\" width=\"12\" height=\"18\" viewbox=\"0 0 12 18\" fill=\"none\"><path d=\"M5.46967 17.5303C5.76256 17.8232 6.23744 17.8232 6.53033 17.5303L11.3033 12.7574C11.5962 12.4645 11.5962 11.9896 11.3033 11.6967C11.0104 11.4038 10.5355 11.4038 10.2426 11.6967L6 15.9393L1.75736 11.6967C1.46447 11.4038 0.989592 11.4038 0.696699 11.6967C0.403805 11.9896 0.403805 12.4645 0.696699 12.7574L5.46967 17.5303ZM5.25 -3.27835e-08L5.25 17L6.75 17L6.75 3.27835e-08L5.25 -3.27835e-08Z\" fill=\"black\"><\/path><\/svg><\/span>\n\t\t\t<span class='e-closed'><svg xmlns=\"http:\/\/www.w3.org\/2000\/svg\" width=\"19\" height=\"13\" viewbox=\"0 0 19 13\" fill=\"none\"><path d=\"M18.0303 7.03033C18.3232 6.73744 18.3232 6.26256 18.0303 5.96967L13.2574 1.1967C12.9645 0.903806 12.4896 0.903806 12.1967 1.1967C11.9038 1.48959 11.9038 1.96447 12.1967 2.25736L16.4393 6.5L12.1967 10.7426C11.9038 11.0355 11.9038 11.5104 12.1967 11.8033C12.4896 12.0962 12.9645 12.0962 13.2574 11.8033L18.0303 7.03033ZM0.5 7.25L17.5 7.25V5.75L0.5 5.75L0.5 7.25Z\" fill=\"black\"><\/path><\/svg><\/span>\n\t\t<\/span>\n\n\t\t\t\t\t\t<\/summary>\n\t\t\t\t<div role=\"region\" aria-labelledby=\"e-n-accordion-item-1230\" class=\"elementor-element elementor-element-3447ef6f e-con-full e-flex wpr-particle-no wpr-jarallax-no wpr-parallax-no wpr-sticky-section-no e-con e-child\" data-id=\"3447ef6f\" data-element_type=\"container\">\n\t\t\t\t<div class=\"elementor-element elementor-element-6d3a79bb elementor-widget elementor-widget-text-editor\" data-id=\"6d3a79bb\" data-element_type=\"widget\" data-widget_type=\"text-editor.default\">\n\t\t\t\t<div class=\"elementor-widget-container\">\n\t\t\t\t\t\t\t\t\t<p>This is an exceptional hair care treatment featuring a revolutionary program for regeneration and strengthening. Hair, primarily composed of keratin proteins, faces numerous challenges daily, such as chemical treatments, UV rays, tobacco smoke, and fine dust. Our CMC program utilizes the latest technology to restore and strengthen keratin proteins, bringing back the hair's natural shine, elasticity, and health.<\/p><p><em>The program is perfect for those whose hair is damaged by chemical treatments, such as coloring and acid treatments, as well as for those exposed to daily hair damage like UV radiation and the use of hair dryers<\/em><\/p>\t\t\t\t\t\t\t\t<\/div>\n\t\t\t\t<\/div>\n\t\t\t\t<\/div>\n\t\t\t\t\t<\/details>\n\t\t\t\t\t\t<details id=\"e-n-accordion-item-1231\" class=\"e-n-accordion-item\" >\n\t\t\t\t<summary class=\"e-n-accordion-item-title\" data-accordion-index=\"2\" tabindex=\"-1\" aria-expanded=\"false\" aria-controls=\"e-n-accordion-item-1231\" >\n\t\t\t\t\t<span class='e-n-accordion-item-title-header'><div class=\"e-n-accordion-item-title-text\"> Benefits <\/div><\/span>\n\t\t\t\t\t\t\t<span class='e-n-accordion-item-title-icon'>\n\t\t\t<span class='e-opened' ><svg xmlns=\"http:\/\/www.w3.org\/2000\/svg\" width=\"12\" height=\"18\" viewbox=\"0 0 12 18\" fill=\"none\"><path d=\"M5.46967 17.5303C5.76256 17.8232 6.23744 17.8232 6.53033 17.5303L11.3033 12.7574C11.5962 12.4645 11.5962 11.9896 11.3033 11.6967C11.0104 11.4038 10.5355 11.4038 10.2426 11.6967L6 15.9393L1.75736 11.6967C1.46447 11.4038 0.989592 11.4038 0.696699 11.6967C0.403805 11.9896 0.403805 12.4645 0.696699 12.7574L5.46967 17.5303ZM5.25 -3.27835e-08L5.25 17L6.75 17L6.75 3.27835e-08L5.25 -3.27835e-08Z\" fill=\"black\"><\/path><\/svg><\/span>\n\t\t\t<span class='e-closed'><svg xmlns=\"http:\/\/www.w3.org\/2000\/svg\" width=\"19\" height=\"13\" viewbox=\"0 0 19 13\" fill=\"none\"><path d=\"M18.0303 7.03033C18.3232 6.73744 18.3232 6.26256 18.0303 5.96967L13.2574 1.1967C12.9645 0.903806 12.4896 0.903806 12.1967 1.1967C11.9038 1.48959 11.9038 1.96447 12.1967 2.25736L16.4393 6.5L12.1967 10.7426C11.9038 11.0355 11.9038 11.5104 12.1967 11.8033C12.4896 12.0962 12.9645 12.0962 13.2574 11.8033L18.0303 7.03033ZM0.5 7.25L17.5 7.25V5.75L0.5 5.75L0.5 7.25Z\" fill=\"black\"><\/path><\/svg><\/span>\n\t\t<\/span>\n\n\t\t\t\t\t\t<\/summary>\n\t\t\t\t<div role=\"region\" aria-labelledby=\"e-n-accordion-item-1231\" class=\"elementor-element elementor-element-4c08390f e-con-full e-flex wpr-particle-no wpr-jarallax-no wpr-parallax-no wpr-sticky-section-no e-con e-child\" data-id=\"4c08390f\" data-element_type=\"container\">\n\t\t\t\t<div class=\"elementor-element elementor-element-2a51c4c3 elementor-widget elementor-widget-text-editor\" data-id=\"2a51c4c3\" data-element_type=\"widget\" data-widget_type=\"text-editor.default\">\n\t\t\t\t<div class=\"elementor-widget-container\">\n\t\t\t\t\t\t\t\t\t<p>Repair of damaged hair: The CMC treatment effectively restores and revitalizes damaged hair, giving it a healthy appearance and natural shine.<br \/>Strengthening keratin proteins: We focus on strengthening and bonding keratin proteins, which are essential for healthy and resilient hair. This restoration makes the hair stronger and less prone to damage.<br \/>Heat absorption: Gentle heat during the treatment allows active ingredients to penetrate deeper into the hair, ensuring maximum regeneration and long-lasting results. The heat improves the bonding of keratin proteins to the cuticle.<br \/>Increased elasticity: Enhances hair elasticity, reducing the risk of breakage and split ends, allowing the hair to better withstand daily stresses, such as combing and styling.<br \/>Natural shine: Deeply hydrates the hair, restoring its vital and radiant appearance. The hair becomes softer and shinier, while its surface texture improves, providing a natural luster.<\/p>\t\t\t\t\t\t\t\t<\/div>\n\t\t\t\t<\/div>\n\t\t\t\t<\/div>\n\t\t\t\t\t<\/details>\n\t\t\t\t\t<\/div>\n\t\t\t\t\t\t<\/div>\n\t\t\t\t<\/div>\n\t\t<div class=\"elementor-element elementor-element-130e1b1 e-con-full e-flex wpr-particle-no wpr-jarallax-no wpr-parallax-no wpr-sticky-section-no e-con e-child\" data-id=\"130e1b1\" data-element_type=\"container\">\n\t\t\t\t<div class=\"elementor-element elementor-element-5446ccb8 elementor-widget elementor-widget-heading\" data-id=\"5446ccb8\" data-element_type=\"widget\" data-widget_type=\"heading.default\">\n\t\t\t\t<div class=\"elementor-widget-container\">\n\t\t\t\t\t<h2 class=\"elementor-heading-title elementor-size-default\">Price<\/h2>\t\t\t\t<\/div>\n\t\t\t\t<\/div>\n\t\t\t\t<div class=\"elementor-element elementor-element-43fd6399 elementor-widget elementor-widget-heading\" data-id=\"43fd6399\" data-element_type=\"widget\" data-widget_type=\"heading.default\">\n\t\t\t\t<div class=\"elementor-widget-container\">\n\t\t\t\t\t<h2 class=\"elementor-heading-title elementor-size-default\">5000,00 RSD<\/h2>\t\t\t\t<\/div>\n\t\t\t\t<\/div>\n\t\t\t\t<\/div>\n\t\t\t\t<div class=\"elementor-element elementor-element-69fee5c elementor-widget elementor-widget-copyright\" data-id=\"69fee5c\" data-element_type=\"widget\" data-widget_type=\"copyright.default\">\n\t\t\t\t<div class=\"elementor-widget-container\">\n\t\t\t\t\t\t\t<div class=\"hfe-copyright-wrapper\">\n\t\t\t\t\t\t\t<span>*This treatment is used exclusively as an adjunct to other treatments and cannot be used alone\napply separately. <\/span>\n\t\t\t\t\t<\/div>\n\t\t\t\t\t\t<\/div>\n\t\t\t\t<\/div>\n\t\t\t\t<\/div>\n\t\t\t\t\t<\/div>\n\t\t\t\t<\/div>\n\t\t<div class=\"elementor-element elementor-element-2695e75c e-con-full e-flex wpr-particle-no wpr-jarallax-no wpr-parallax-no wpr-sticky-section-no e-con e-parent\" data-id=\"2695e75c\" data-element_type=\"container\">\n\t\t<div class=\"elementor-element elementor-element-35e99a5c e-con-full e-flex wpr-particle-no wpr-jarallax-no wpr-parallax-no wpr-sticky-section-no e-con e-child\" data-id=\"35e99a5c\" data-element_type=\"container\">\n\t\t\t\t<div class=\"elementor-element elementor-element-11cd1ede elementor-widget elementor-widget-heading\" data-id=\"11cd1ede\" data-element_type=\"widget\" data-widget_type=\"heading.default\">\n\t\t\t\t<div class=\"elementor-widget-container\">\n\t\t\t\t\t<h2 class=\"elementor-heading-title elementor-size-default\">Ostali tretmani<\/h2>\t\t\t\t<\/div>\n\t\t\t\t<\/div>\n\t\t\t\t<div class=\"elementor-element elementor-element-1e9fab39 elementor-widget elementor-widget-shortcode\" data-id=\"1e9fab39\" data-element_type=\"widget\" data-widget_type=\"shortcode.default\">\n\t\t\t\t<div class=\"elementor-widget-container\">\n\t\t\t\t\t\t\t<div class=\"elementor-shortcode\"><div class=\"horizontal-scroll-wrapper\">\n                <div class=\"horizontal-scroll-content\">\n    \n        <div class=\"horizontal-scroll-item\">\n            <a href=\"https:\/\/premiumkoreanheadspa.com\/en\/3S\/\">\n                <div class=\"item-title\">3S<\/div>\n                <div class=\"item-content\">Scalp Scalling Therapy<\/div>\n            <\/a>\n        <\/div>\n    \n    \n        <div class=\"horizontal-scroll-item\">\n            <a href=\"https:\/\/premiumkoreanheadspa.com\/en\/10B\/\">\n                <div class=\"item-title\">10B<\/div>\n                <div class=\"item-content\">Brain Solution Therapy with Silver Comb<\/div>\n            <\/a>\n        <\/div>\n    \n    \n        <div class=\"horizontal-scroll-item\">\n            <a href=\"https:\/\/premiumkoreanheadspa.com\/en\/5D\/\">\n                <div class=\"item-title\">5D<\/div>\n                <div class=\"item-content\">Scalp Detox Therapy<\/div>\n            <\/a>\n        <\/div>\n    \n    \n        <div class=\"horizontal-scroll-item\">\n            <a href=\"https:\/\/premiumkoreanheadspa.com\/en\/12P\/\">\n                <div class=\"item-title\">12P<\/div>\n                <div class=\"item-content\">Depecia Care<\/div>\n            <\/a>\n        <\/div>\n    \n    \n        <div class=\"horizontal-scroll-item\">\n            <a href=\"https:\/\/premiumkoreanheadspa.com\/en\/7M-OS\/\">\n                <div class=\"item-title\">7M OS<\/div>\n                <div class=\"item-content\">By Scalp Type Oily Scalp<\/div>\n            <\/a>\n        <\/div>\n    \n    \n        <div class=\"horizontal-scroll-item\">\n            <a href=\"https:\/\/premiumkoreanheadspa.com\/en\/7M-DS\/\">\n                <div class=\"item-title\">7M DS<\/div>\n                <div class=\"item-content\">By Scalp Type Dry & Sensitive Scalp<\/div>\n            <\/a>\n        <\/div>\n    \n    \n        <div class=\"horizontal-scroll-item\">\n            <a href=\"https:\/\/premiumkoreanheadspa.com\/en\/8KH\/\">\n                <div class=\"item-title\">8KH<\/div>\n                <div class=\"item-content\">Healing Aroma Line<\/div>\n            <\/a>\n        <\/div>\n    \n<\/div>\n                <button class=\"scroll-arrow prev-arrow\" aria-label=\"Scroll Left\">\n                    <img decoding=\"async\" src=\"https:\/\/premiumkoreanheadspa.com\/wp-content\/plugins\/novtech-slider\/assets\/ArrowRight.svg\" alt=\"Previous\">\n                <\/button>\n                <button class=\"scroll-arrow next-arrow\" aria-label=\"Scroll Right\">\n                    <img decoding=\"async\" src=\"https:\/\/premiumkoreanheadspa.com\/wp-content\/plugins\/novtech-slider\/assets\/ArrowRight.svg\" alt=\"Next\">\n                <\/button>\n            <\/div><\/div>\n\t\t\t\t\t\t<\/div>\n\t\t\t\t<\/div>\n\t\t\t\t<\/div>\n\t\t\t\t<\/div>\n\t\t\t\t<\/div>","protected":false},"excerpt":{"rendered":"<p>Treatmants Hair repair program EH + Dubinska regeneracija kose Kome je namenjen Re\u010d je o izvanrednoj nezi kose uz revolucionarni program za regeneraciju i ja\u010danje. Kosa, koja je prete\u017eno sastavljena od keratinskih proteina, svakodnevno se suo\u010dava sa brojnim izazovima poput hemijskih tretmana, UV zraka, duvanskog dima i fine pra\u0161ine. Na\u0161 CMC program koristi najnoviju tehnologiju za obnavljanje i ja\u010danje keratinskih proteina, vra\u0107aju\u0107i kosi prirodan sjaj, elasti\u010dnost i zdravlje. Program je savr\u0161en za one \u010dija je kosa o\u0161te\u0107ena hemijskim tretmanima, kao \u0161to su farbanje i tretmani kiselinama, ali i onima koji su izlo\u017eeni svakodnevnim o\u0161te\u0107enjima kose kao \u0161to su UV zra\u010denja, kori\u0161\u0107enje fena\u2026. Prednosti Obnova o\u0161te\u0107ene kose: CMC tretman efikasno obnavlja i revitalizuje o\u0161te\u0107enu kosu, vra\u0107aju\u0107i joj zdrav izgled i prirodan sjaj.Ja\u010danje keratinskih proteina: Fokusiramo se na ja\u010danje i povezivanje keratinskih proteina, klju\u010dnih za zdravu i otpornu kosu. Ova obnova \u010dini kosu \u010dvrstom i manje sklonom o\u0161te\u0107enju.Toplotna apsorpcija: Blaga toplota tokom tretmana omogu\u0107ava aktivnim sastojcima da prodiru dublje u dlaku, obezbe\u0111uju\u0107i maksimalnu regeneraciju i dugotrajne rezultate. Toplota pobolj\u0161ava vezivanje keratinskih proteina za kutikulu.Pove\u0107ana elasti\u010dnost: Pobolj\u0161ava elasti\u010dnost kose, smanjuju\u0107i rizik od lomljenja i pucanja, \u0161to omogu\u0107ava kosi da se lak\u0161e prilagodi svakodnevnim stresovima, kao \u0161to su \u010de\u0161ljanje i stilizovanje kose.Prirodan sjaj: Dubinski hidrira kosu, vra\u0107aju\u0107i njen vitalan i blistav izgled. Kosa postaje mek\u0161a i sjajnija, dok se pobolj\u0161ava njena povr\u0161inska tekstura, pru\u017eaju\u0107i joj prirodni sjaj. Re\u010d je o izvanrednoj nezi kose uz revolucionarni program za regeneraciju i ja\u010danje. Kosa, koja je prete\u017eno sastavljena od keratinskih proteina, svakodnevno se suo\u010dava sa brojnim izazovima poput hemijskih tretmana, UV zraka, duvanskog dima i fine pra\u0161ine. Na\u0161 CMC program koristi najnoviju tehnologiju za obnavljanje i ja\u010danje keratinskih proteina, vra\u0107aju\u0107i kosi prirodan sjaj, elasti\u010dnost i zdravlje. Program je savr\u0161en za one \u010dija je kosa o\u0161te\u0107ena hemijskim tretmanima, kao \u0161to su farbanje i tretmani kiselinama, ali i onima koji su izlo\u017eeni svakodnevnim o\u0161te\u0107enjima kose kao \u0161to su UV zra\u010denja, kori\u0161\u0107enje fena\u2026. Obnova o\u0161te\u0107ene kose: CMC tretman efikasno obnavlja i revitalizuje o\u0161te\u0107enu kosu, vra\u0107aju\u0107i joj zdrav izgled i prirodan sjaj.Ja\u010danje keratinskih proteina: Fokusiramo se na ja\u010danje i povezivanje keratinskih proteina, klju\u010dnih za zdravu i otpornu kosu. Ova obnova \u010dini kosu \u010dvrstom i manje sklonom o\u0161te\u0107enju.Toplotna apsorpcija: Blaga toplota tokom tretmana omogu\u0107ava aktivnim sastojcima da prodiru dublje u dlaku, obezbe\u0111uju\u0107i maksimalnu regeneraciju i dugotrajne rezultate. Toplota pobolj\u0161ava vezivanje keratinskih proteina za kutikulu.Pove\u0107ana elasti\u010dnost: Pobolj\u0161ava elasti\u010dnost kose, smanjuju\u0107i rizik od lomljenja i pucanja, \u0161to omogu\u0107ava kosi da se lak\u0161e prilagodi svakodnevnim stresovima, kao \u0161to su \u010de\u0161ljanje i stilizovanje kose.Prirodan sjaj: Dubinski hidrira kosu, vra\u0107aju\u0107i njen vitalan i blistav izgled. Kosa postaje mek\u0161a i sjajnija, dok se pobolj\u0161ava njena povr\u0161inska tekstura, pru\u017eaju\u0107i joj prirodni sjaj. Cena 5000,00 RSD *Ovaj tretman se koristi isklju\u010divo kao dodatak drugim tretmanima i ne mo\u017ee se primenjivati odvojeno. Ostali tretmani<\/p>","protected":false},"author":1,"featured_media":0,"parent":0,"menu_order":0,"comment_status":"closed","ping_status":"closed","template":"","meta":{"_acf_changed":false,"site-sidebar-layout":"no-sidebar","site-content-layout":"","ast-site-content-layout":"full-width-container","site-content-style":"default","site-sidebar-style":"default","ast-global-header-display":"","ast-banner-title-visibility":"","ast-main-header-display":"","ast-hfb-above-header-display":"","ast-hfb-below-header-display":"","ast-hfb-mobile-header-display":"","site-post-title":"disabled","ast-breadcrumbs-content":"","ast-featured-img":"disabled","footer-sml-layout":"","theme-transparent-header-meta":"","adv-header-id-meta":"","stick-header-meta":"","header-above-stick-meta":"","header-main-stick-meta":"","header-below-stick-meta":"","astra-migrate-meta-layouts":"default","ast-page-background-enabled":"default","ast-page-background-meta":{"desktop":{"background-color":"var(--ast-global-color-4)","background-image":"","background-repeat":"repeat","background-position":"center center","background-size":"auto","background-attachment":"scroll","background-type":"","background-media":"","overlay-type":"","overlay-color":"","overlay-opacity":"","overlay-gradient":""},"tablet":{"background-color":"","background-image":"","background-repeat":"repeat","background-position":"center center","background-size":"auto","background-attachment":"scroll","background-type":"","background-media":"","overlay-type":"","overlay-color":"","overlay-opacity":"","overlay-gradient":""},"mobile":{"background-color":"","background-image":"","background-repeat":"repeat","background-position":"center center","background-size":"auto","background-attachment":"scroll","background-type":"","background-media":"","overlay-type":"","overlay-color":"","overlay-opacity":"","overlay-gradient":""}},"ast-content-background-meta":{"desktop":{"background-color":"var(--ast-global-color-5)","background-image":"","background-repeat":"repeat","background-position":"center center","background-size":"auto","background-attachment":"scroll","background-type":"","background-media":"","overlay-type":"","overlay-color":"","overlay-opacity":"","overlay-gradient":""},"tablet":{"background-color":"var(--ast-global-color-5)","background-image":"","background-repeat":"repeat","background-position":"center center","background-size":"auto","background-attachment":"scroll","background-type":"","background-media":"","overlay-type":"","overlay-color":"","overlay-opacity":"","overlay-gradient":""},"mobile":{"background-color":"var(--ast-global-color-5)","background-image":"","background-repeat":"repeat","background-position":"center center","background-size":"auto","background-attachment":"scroll","background-type":"","background-media":"","overlay-type":"","overlay-color":"","overlay-opacity":"","overlay-gradient":""}},"footnotes":""},"class_list":["post-510","page","type-page","status-publish","hentry"],"acf":[],"_links":{"self":[{"href":"https:\/\/premiumkoreanheadspa.com\/en\/wp-json\/wp\/v2\/pages\/510","targetHints":{"allow":["GET"]}}],"collection":[{"href":"https:\/\/premiumkoreanheadspa.com\/en\/wp-json\/wp\/v2\/pages"}],"about":[{"href":"https:\/\/premiumkoreanheadspa.com\/en\/wp-json\/wp\/v2\/types\/page"}],"author":[{"embeddable":true,"href":"https:\/\/premiumkoreanheadspa.com\/en\/wp-json\/wp\/v2\/users\/1"}],"replies":[{"embeddable":true,"href":"https:\/\/premiumkoreanheadspa.com\/en\/wp-json\/wp\/v2\/comments?post=510"}],"version-history":[{"count":0,"href":"https:\/\/premiumkoreanheadspa.com\/en\/wp-json\/wp\/v2\/pages\/510\/revisions"}],"wp:attachment":[{"href":"https:\/\/premiumkoreanheadspa.com\/en\/wp-json\/wp\/v2\/media?parent=510"}],"curies":[{"name":"wp","href":"https:\/\/api.w.org\/{rel}","templated":true}]}}