{"id":512,"date":"2024-12-09T09:33:09","date_gmt":"2024-12-09T09:33:09","guid":{"rendered":"https:\/\/premiumkoreanheadspa.com\/?page_id=512"},"modified":"2024-12-24T21:07:49","modified_gmt":"2024-12-24T21:07:49","slug":"7m-os","status":"publish","type":"page","link":"https:\/\/premiumkoreanheadspa.com\/en\/7m-os\/","title":{"rendered":"7M OS"},"content":{"rendered":"<div data-elementor-type=\"wp-page\" data-elementor-id=\"512\" class=\"elementor elementor-512\">\n\t\t\t\t<div class=\"elementor-element elementor-element-445c660d e-flex e-con-boxed wpr-particle-no wpr-jarallax-no wpr-parallax-no wpr-sticky-section-no e-con e-parent\" data-id=\"445c660d\" data-element_type=\"container\">\n\t\t\t\t\t<div class=\"e-con-inner\">\n\t\t\t\t<div class=\"elementor-element elementor-element-661f627a elementor-widget elementor-widget-heading\" data-id=\"661f627a\" data-element_type=\"widget\" data-widget_type=\"heading.default\">\n\t\t\t\t<div class=\"elementor-widget-container\">\n\t\t\t\t\t<h2 class=\"elementor-heading-title elementor-size-default\">Treatmans<\/h2>\t\t\t\t<\/div>\n\t\t\t\t<\/div>\n\t\t\t\t\t<\/div>\n\t\t\t\t<\/div>\n\t\t<div class=\"elementor-element elementor-element-74b27283 e-flex e-con-boxed wpr-particle-no wpr-jarallax-no wpr-parallax-no wpr-sticky-section-no e-con e-parent\" data-id=\"74b27283\" data-element_type=\"container\">\n\t\t\t\t\t<div class=\"e-con-inner\">\n\t\t<div class=\"elementor-element elementor-element-85687bd e-grid e-con-full wpr-particle-no wpr-jarallax-no wpr-parallax-no wpr-sticky-section-no e-con e-child\" data-id=\"85687bd\" data-element_type=\"container\" data-settings=\"{&quot;background_background&quot;:&quot;classic&quot;}\">\n\t\t\t\t<div class=\"elementor-element elementor-element-5db2bb6b elementor-widget elementor-widget-spacer\" data-id=\"5db2bb6b\" data-element_type=\"widget\" data-widget_type=\"spacer.default\">\n\t\t\t\t<div class=\"elementor-widget-container\">\n\t\t\t\t\t\t\t<div class=\"elementor-spacer\">\n\t\t\t<div class=\"elementor-spacer-inner\"><\/div>\n\t\t<\/div>\n\t\t\t\t\t\t<\/div>\n\t\t\t\t<\/div>\n\t\t\t\t<div class=\"elementor-element elementor-element-672df13d elementor-widget elementor-widget-image\" data-id=\"672df13d\" data-element_type=\"widget\" data-widget_type=\"image.default\">\n\t\t\t\t<div class=\"elementor-widget-container\">\n\t\t\t\t\t\t\t\t\t\t\t\t\t\t\t<img decoding=\"async\" width=\"73\" height=\"18\" src=\"https:\/\/premiumkoreanheadspa.com\/wp-content\/uploads\/2024\/12\/Group-12.svg\" class=\"attachment-full size-full wp-image-990\" alt=\"\" \/>\t\t\t\t\t\t\t\t\t\t\t\t\t\t\t<\/div>\n\t\t\t\t<\/div>\n\t\t\t\t<div class=\"elementor-element elementor-element-ee29b3c elementor-widget__width-initial elementor-widget elementor-widget-heading\" data-id=\"ee29b3c\" data-element_type=\"widget\" data-widget_type=\"heading.default\">\n\t\t\t\t<div class=\"elementor-widget-container\">\n\t\t\t\t\t<h2 class=\"elementor-heading-title elementor-size-default\">By Scalp Type\nOily Scalp<\/h2>\t\t\t\t<\/div>\n\t\t\t\t<\/div>\n\t\t\t\t<\/div>\n\t\t<div class=\"elementor-element elementor-element-79021eb7 e-con-full e-flex wpr-particle-no wpr-jarallax-no wpr-parallax-no wpr-sticky-section-no e-con e-child\" data-id=\"79021eb7\" data-element_type=\"container\">\n\t\t<div class=\"elementor-element elementor-element-2231d6d6 e-con-full e-flex wpr-particle-no wpr-jarallax-no wpr-parallax-no wpr-sticky-section-no e-con e-child\" data-id=\"2231d6d6\" data-element_type=\"container\">\n\t\t\t\t<div class=\"elementor-element elementor-element-7763208b elementor-widget elementor-widget-heading\" data-id=\"7763208b\" data-element_type=\"widget\" data-widget_type=\"heading.default\">\n\t\t\t\t<div class=\"elementor-widget-container\">\n\t\t\t\t\t<h2 class=\"elementor-heading-title elementor-size-default\">Clinic 7M By Scalp Type Oily Scalp<\/h2>\t\t\t\t<\/div>\n\t\t\t\t<\/div>\n\t\t\t\t<\/div>\n\t\t\t\t<div class=\"elementor-element elementor-element-68b427db elementor-widget elementor-widget-n-accordion\" data-id=\"68b427db\" data-element_type=\"widget\" data-settings=\"{&quot;default_state&quot;:&quot;expanded&quot;,&quot;max_items_expended&quot;:&quot;one&quot;,&quot;n_accordion_animation_duration&quot;:{&quot;unit&quot;:&quot;ms&quot;,&quot;size&quot;:400,&quot;sizes&quot;:[]}}\" data-widget_type=\"nested-accordion.default\">\n\t\t\t\t<div class=\"elementor-widget-container\">\n\t\t\t\t\t\t\t<div class=\"e-n-accordion\" aria-label=\"Accordion. Open links with Enter or Space, close with Escape, and navigate with Arrow Keys\">\n\t\t\t\t\t\t<details id=\"e-n-accordion-item-1750\" class=\"e-n-accordion-item\" open>\n\t\t\t\t<summary class=\"e-n-accordion-item-title\" data-accordion-index=\"1\" tabindex=\"0\" aria-expanded=\"true\" aria-controls=\"e-n-accordion-item-1750\" >\n\t\t\t\t\t<span class='e-n-accordion-item-title-header'><div class=\"e-n-accordion-item-title-text\"> Who it\u2019s for <\/div><\/span>\n\t\t\t\t\t\t\t<span class='e-n-accordion-item-title-icon'>\n\t\t\t<span class='e-opened' ><svg xmlns=\"http:\/\/www.w3.org\/2000\/svg\" width=\"12\" height=\"18\" viewbox=\"0 0 12 18\" fill=\"none\"><path d=\"M5.46967 17.5303C5.76256 17.8232 6.23744 17.8232 6.53033 17.5303L11.3033 12.7574C11.5962 12.4645 11.5962 11.9896 11.3033 11.6967C11.0104 11.4038 10.5355 11.4038 10.2426 11.6967L6 15.9393L1.75736 11.6967C1.46447 11.4038 0.989592 11.4038 0.696699 11.6967C0.403805 11.9896 0.403805 12.4645 0.696699 12.7574L5.46967 17.5303ZM5.25 -3.27835e-08L5.25 17L6.75 17L6.75 3.27835e-08L5.25 -3.27835e-08Z\" fill=\"black\"><\/path><\/svg><\/span>\n\t\t\t<span class='e-closed'><svg xmlns=\"http:\/\/www.w3.org\/2000\/svg\" width=\"19\" height=\"13\" viewbox=\"0 0 19 13\" fill=\"none\"><path d=\"M18.0303 7.03033C18.3232 6.73744 18.3232 6.26256 18.0303 5.96967L13.2574 1.1967C12.9645 0.903806 12.4896 0.903806 12.1967 1.1967C11.9038 1.48959 11.9038 1.96447 12.1967 2.25736L16.4393 6.5L12.1967 10.7426C11.9038 11.0355 11.9038 11.5104 12.1967 11.8033C12.4896 12.0962 12.9645 12.0962 13.2574 11.8033L18.0303 7.03033ZM0.5 7.25L17.5 7.25V5.75L0.5 5.75L0.5 7.25Z\" fill=\"black\"><\/path><\/svg><\/span>\n\t\t<\/span>\n\n\t\t\t\t\t\t<\/summary>\n\t\t\t\t<div role=\"region\" aria-labelledby=\"e-n-accordion-item-1750\" class=\"elementor-element elementor-element-519a6825 e-con-full e-flex wpr-particle-no wpr-jarallax-no wpr-parallax-no wpr-sticky-section-no e-con e-child\" data-id=\"519a6825\" data-element_type=\"container\">\n\t\t\t\t<div class=\"elementor-element elementor-element-3013c645 elementor-widget elementor-widget-text-editor\" data-id=\"3013c645\" data-element_type=\"widget\" data-widget_type=\"text-editor.default\">\n\t\t\t\t<div class=\"elementor-widget-container\">\n\t\t\t\t\t\t\t\t\t<p>This treatment is ideal for both women and men dealing with oily or combination scalps and dandruff. Specifically designed to address issues with excessive sebum production and the accumulation of dead skin cells, it provides comprehensive care that revitalizes your scalp and restores its necessary balance.<\/p><p>The treatment begins by identifying internal and external factors contributing to scalp problems. Using advanced OC scaling techniques, it effectively removes excess sebum and oxidized substances that accumulate on the scalp. This process not only reduces dandruff issues but also balances moisture and oil levels, improving the elasticity and overall health of the scalp.<\/p>\t\t\t\t\t\t\t\t<\/div>\n\t\t\t\t<\/div>\n\t\t\t\t<\/div>\n\t\t\t\t\t<\/details>\n\t\t\t\t\t\t<details id=\"e-n-accordion-item-1751\" class=\"e-n-accordion-item\" >\n\t\t\t\t<summary class=\"e-n-accordion-item-title\" data-accordion-index=\"2\" tabindex=\"-1\" aria-expanded=\"false\" aria-controls=\"e-n-accordion-item-1751\" >\n\t\t\t\t\t<span class='e-n-accordion-item-title-header'><div class=\"e-n-accordion-item-title-text\"> Benefits <\/div><\/span>\n\t\t\t\t\t\t\t<span class='e-n-accordion-item-title-icon'>\n\t\t\t<span class='e-opened' ><svg xmlns=\"http:\/\/www.w3.org\/2000\/svg\" width=\"12\" height=\"18\" viewbox=\"0 0 12 18\" fill=\"none\"><path d=\"M5.46967 17.5303C5.76256 17.8232 6.23744 17.8232 6.53033 17.5303L11.3033 12.7574C11.5962 12.4645 11.5962 11.9896 11.3033 11.6967C11.0104 11.4038 10.5355 11.4038 10.2426 11.6967L6 15.9393L1.75736 11.6967C1.46447 11.4038 0.989592 11.4038 0.696699 11.6967C0.403805 11.9896 0.403805 12.4645 0.696699 12.7574L5.46967 17.5303ZM5.25 -3.27835e-08L5.25 17L6.75 17L6.75 3.27835e-08L5.25 -3.27835e-08Z\" fill=\"black\"><\/path><\/svg><\/span>\n\t\t\t<span class='e-closed'><svg xmlns=\"http:\/\/www.w3.org\/2000\/svg\" width=\"19\" height=\"13\" viewbox=\"0 0 19 13\" fill=\"none\"><path d=\"M18.0303 7.03033C18.3232 6.73744 18.3232 6.26256 18.0303 5.96967L13.2574 1.1967C12.9645 0.903806 12.4896 0.903806 12.1967 1.1967C11.9038 1.48959 11.9038 1.96447 12.1967 2.25736L16.4393 6.5L12.1967 10.7426C11.9038 11.0355 11.9038 11.5104 12.1967 11.8033C12.4896 12.0962 12.9645 12.0962 13.2574 11.8033L18.0303 7.03033ZM0.5 7.25L17.5 7.25V5.75L0.5 5.75L0.5 7.25Z\" fill=\"black\"><\/path><\/svg><\/span>\n\t\t<\/span>\n\n\t\t\t\t\t\t<\/summary>\n\t\t\t\t<div role=\"region\" aria-labelledby=\"e-n-accordion-item-1751\" class=\"elementor-element elementor-element-2c7955ad e-con-full e-flex wpr-particle-no wpr-jarallax-no wpr-parallax-no wpr-sticky-section-no e-con e-child\" data-id=\"2c7955ad\" data-element_type=\"container\">\n\t\t\t\t<div class=\"elementor-element elementor-element-654c45f elementor-widget elementor-widget-text-editor\" data-id=\"654c45f\" data-element_type=\"widget\" data-widget_type=\"text-editor.default\">\n\t\t\t\t<div class=\"elementor-widget-container\">\n\t\t\t\t\t\t\t\t\t<p>Removes excess sebum and oxidized materials: Deeply cleanses the scalp, reducing the accumulation of impurities and preventing further problems.<\/p><p>Prevents bacterial growth: Acts antibacterially, preventing the proliferation of bacteria that can worsen scalp conditions.<\/p>\n<p>Balances moisture and oil: Helps maintain optimal moisture and oil levels, enhancing the balance and health of the scalp.<br>Improves scalp elasticity: Restores elasticity to the scalp, making it more vital and healthier.<\/p>\n<p>Controls sebum production: A special ampoule formula (OC) helps control excessive sebum secretion, preventing hair loss due to sebum buildup.<\/p>\t\t\t\t\t\t\t\t<\/div>\n\t\t\t\t<\/div>\n\t\t\t\t<\/div>\n\t\t\t\t\t<\/details>\n\t\t\t\t\t\t<details id=\"e-n-accordion-item-1752\" class=\"e-n-accordion-item\" >\n\t\t\t\t<summary class=\"e-n-accordion-item-title\" data-accordion-index=\"3\" tabindex=\"-1\" aria-expanded=\"false\" aria-controls=\"e-n-accordion-item-1752\" >\n\t\t\t\t\t<span class='e-n-accordion-item-title-header'><div class=\"e-n-accordion-item-title-text\"> Special Note <\/div><\/span>\n\t\t\t\t\t\t\t<span class='e-n-accordion-item-title-icon'>\n\t\t\t<span class='e-opened' ><svg xmlns=\"http:\/\/www.w3.org\/2000\/svg\" width=\"12\" height=\"18\" viewbox=\"0 0 12 18\" fill=\"none\"><path d=\"M5.46967 17.5303C5.76256 17.8232 6.23744 17.8232 6.53033 17.5303L11.3033 12.7574C11.5962 12.4645 11.5962 11.9896 11.3033 11.6967C11.0104 11.4038 10.5355 11.4038 10.2426 11.6967L6 15.9393L1.75736 11.6967C1.46447 11.4038 0.989592 11.4038 0.696699 11.6967C0.403805 11.9896 0.403805 12.4645 0.696699 12.7574L5.46967 17.5303ZM5.25 -3.27835e-08L5.25 17L6.75 17L6.75 3.27835e-08L5.25 -3.27835e-08Z\" fill=\"black\"><\/path><\/svg><\/span>\n\t\t\t<span class='e-closed'><svg xmlns=\"http:\/\/www.w3.org\/2000\/svg\" width=\"19\" height=\"13\" viewbox=\"0 0 19 13\" fill=\"none\"><path d=\"M18.0303 7.03033C18.3232 6.73744 18.3232 6.26256 18.0303 5.96967L13.2574 1.1967C12.9645 0.903806 12.4896 0.903806 12.1967 1.1967C11.9038 1.48959 11.9038 1.96447 12.1967 2.25736L16.4393 6.5L12.1967 10.7426C11.9038 11.0355 11.9038 11.5104 12.1967 11.8033C12.4896 12.0962 12.9645 12.0962 13.2574 11.8033L18.0303 7.03033ZM0.5 7.25L17.5 7.25V5.75L0.5 5.75L0.5 7.25Z\" fill=\"black\"><\/path><\/svg><\/span>\n\t\t<\/span>\n\n\t\t\t\t\t\t<\/summary>\n\t\t\t\t<div role=\"region\" aria-labelledby=\"e-n-accordion-item-1752\" class=\"elementor-element elementor-element-63c3a8a e-flex e-con-boxed wpr-particle-no wpr-jarallax-no wpr-parallax-no wpr-sticky-section-no e-con e-child\" data-id=\"63c3a8a\" data-element_type=\"container\">\n\t\t\t\t\t<div class=\"e-con-inner\">\n\t\t\t\t<div class=\"elementor-element elementor-element-0aa9f7a elementor-widget elementor-widget-text-editor\" data-id=\"0aa9f7a\" data-element_type=\"widget\" data-widget_type=\"text-editor.default\">\n\t\t\t\t<div class=\"elementor-widget-container\">\n\t\t\t\t\t\t\t\t\t<p>Oily and combination scalps, especially those with dandruff, require careful and specific treatment. This treatment not only addresses current scalp issues but also helps prevent future irritations. If your scalp shows signs of excessive sebum production, dandruff, or accumulation of dead skin cells, our treatment is the perfect solution for a healthier and more balanced scalp. This specialized treatment restores the natural balance of the scalp and delivers long-lasting results.<\/p>\t\t\t\t\t\t\t\t<\/div>\n\t\t\t\t<\/div>\n\t\t\t\t\t<\/div>\n\t\t\t\t<\/div>\n\t\t\t\t\t<\/details>\n\t\t\t\t\t<\/div>\n\t\t\t\t\t\t<\/div>\n\t\t\t\t<\/div>\n\t\t<div class=\"elementor-element elementor-element-55fed4e7 e-con-full e-flex wpr-particle-no wpr-jarallax-no wpr-parallax-no wpr-sticky-section-no e-con e-child\" data-id=\"55fed4e7\" data-element_type=\"container\">\n\t\t\t\t<div class=\"elementor-element elementor-element-734f986 elementor-widget elementor-widget-heading\" data-id=\"734f986\" data-element_type=\"widget\" data-widget_type=\"heading.default\">\n\t\t\t\t<div class=\"elementor-widget-container\">\n\t\t\t\t\t<h2 class=\"elementor-heading-title elementor-size-default\">Price<\/h2>\t\t\t\t<\/div>\n\t\t\t\t<\/div>\n\t\t\t\t<div class=\"elementor-element elementor-element-27728135 elementor-widget elementor-widget-heading\" data-id=\"27728135\" data-element_type=\"widget\" data-widget_type=\"heading.default\">\n\t\t\t\t<div class=\"elementor-widget-container\">\n\t\t\t\t\t<h2 class=\"elementor-heading-title elementor-size-default\">18000,00 RSD<\/h2>\t\t\t\t<\/div>\n\t\t\t\t<\/div>\n\t\t\t\t<\/div>\n\t\t\t\t<\/div>\n\t\t\t\t\t<\/div>\n\t\t\t\t<\/div>\n\t\t<div class=\"elementor-element elementor-element-77f2d1be e-con-full e-flex wpr-particle-no wpr-jarallax-no wpr-parallax-no wpr-sticky-section-no e-con e-parent\" data-id=\"77f2d1be\" data-element_type=\"container\">\n\t\t<div class=\"elementor-element elementor-element-12e4077e e-con-full e-flex wpr-particle-no wpr-jarallax-no wpr-parallax-no wpr-sticky-section-no e-con e-child\" data-id=\"12e4077e\" data-element_type=\"container\">\n\t\t\t\t<div class=\"elementor-element elementor-element-1019cc32 elementor-widget elementor-widget-heading\" data-id=\"1019cc32\" data-element_type=\"widget\" data-widget_type=\"heading.default\">\n\t\t\t\t<div class=\"elementor-widget-container\">\n\t\t\t\t\t<h2 class=\"elementor-heading-title elementor-size-default\">Ostali tretmani<\/h2>\t\t\t\t<\/div>\n\t\t\t\t<\/div>\n\t\t\t\t<div class=\"elementor-element elementor-element-14ed854b elementor-widget elementor-widget-shortcode\" data-id=\"14ed854b\" data-element_type=\"widget\" data-widget_type=\"shortcode.default\">\n\t\t\t\t<div class=\"elementor-widget-container\">\n\t\t\t\t\t\t\t<div class=\"elementor-shortcode\"><div class=\"horizontal-scroll-wrapper\">\n                <div class=\"horizontal-scroll-content\">\n    \n        <div class=\"horizontal-scroll-item\">\n            <a href=\"https:\/\/premiumkoreanheadspa.com\/en\/3S\/\">\n                <div class=\"item-title\">3S<\/div>\n                <div class=\"item-content\">Scalp Scalling Therapy<\/div>\n            <\/a>\n        <\/div>\n    \n    \n        <div class=\"horizontal-scroll-item\">\n            <a href=\"https:\/\/premiumkoreanheadspa.com\/en\/10B\/\">\n                <div class=\"item-title\">10B<\/div>\n                <div class=\"item-content\">Brain Solution Therapy with Silver Comb<\/div>\n            <\/a>\n        <\/div>\n    \n    \n        <div class=\"horizontal-scroll-item\">\n            <a href=\"https:\/\/premiumkoreanheadspa.com\/en\/5D\/\">\n                <div class=\"item-title\">5D<\/div>\n                <div class=\"item-content\">Scalp Detox Therapy<\/div>\n            <\/a>\n        <\/div>\n    \n    \n        <div class=\"horizontal-scroll-item\">\n            <a href=\"https:\/\/premiumkoreanheadspa.com\/en\/12P\/\">\n                <div class=\"item-title\">12P<\/div>\n                <div class=\"item-content\">Depecia Care<\/div>\n            <\/a>\n        <\/div>\n    \n    \n        <div class=\"horizontal-scroll-item\">\n            <a href=\"https:\/\/premiumkoreanheadspa.com\/en\/EH+\/\">\n                <div class=\"item-title\">EH+<\/div>\n                <div class=\"item-content\">Hair Repair Program<\/div>\n            <\/a>\n        <\/div>\n    \n    \n        <div class=\"horizontal-scroll-item\">\n            <a href=\"https:\/\/premiumkoreanheadspa.com\/en\/7M-DS\/\">\n                <div class=\"item-title\">7M DS<\/div>\n                <div class=\"item-content\">By Scalp Type Dry & Sensitive Scalp<\/div>\n            <\/a>\n        <\/div>\n    \n    \n        <div class=\"horizontal-scroll-item\">\n            <a href=\"https:\/\/premiumkoreanheadspa.com\/en\/8KH\/\">\n                <div class=\"item-title\">8KH<\/div>\n                <div class=\"item-content\">Healing Aroma Line<\/div>\n            <\/a>\n        <\/div>\n    \n<\/div>\n                <button class=\"scroll-arrow prev-arrow\" aria-label=\"Scroll Left\">\n                    <img decoding=\"async\" src=\"https:\/\/premiumkoreanheadspa.com\/wp-content\/plugins\/novtech-slider\/assets\/ArrowRight.svg\" alt=\"Previous\">\n                <\/button>\n                <button class=\"scroll-arrow next-arrow\" aria-label=\"Scroll Right\">\n                    <img decoding=\"async\" src=\"https:\/\/premiumkoreanheadspa.com\/wp-content\/plugins\/novtech-slider\/assets\/ArrowRight.svg\" alt=\"Next\">\n                <\/button>\n            <\/div><\/div>\n\t\t\t\t\t\t<\/div>\n\t\t\t\t<\/div>\n\t\t\t\t<\/div>\n\t\t\t\t<\/div>\n\t\t\t\t<\/div>","protected":false},"excerpt":{"rendered":"<p>Tretmani By Scalp Type Oily Scalp Clinic 7M By Scalp Type Oily Scalp Kome je namenjen Ovaj tretman je idealan za \u017eene i mu\u0161karce koji se suo\u010davaju sa masnim ili kombinovanim temenom i peruti. Specijalno dizajniran da re\u0161i probleme sa prekomernim lu\u010denjem sebuma i nakupljanjem mrtvih \u0107elija, pru\u017ea sveobuhvatnu negu koja revitalizuje va\u0161u ko\u017eu glave i vra\u0107a joj neophodnu ravnote\u017eu. Tretman po\u010dinje identifikacijom unutra\u0161njih i spolja\u0161njih faktora koji doprinose problemima sa temenom. Koriste\u0107i naprednu tehniku OC skaliranja, efikasno uklanja vi\u0161ak sebuma i oksidirane materije koje se nakupljaju na temenu. Ovaj proces ne samo da smanjuje probleme sa peruti, ve\u0107 i balansira nivoe vlage i ulja, pobolj\u0161avaju\u0107i elasti\u010dnost i ukupno zdravlje temena. Prednosti Uklanja vi\u0161ak sebuma i oksidirane materije: Dubinski \u010disti teme, \u010dime se smanjuje nakupljanje ne\u010disto\u0107a i spre\u010davaju dodatni problemi. Spre\u010dava razmno\u017eavanje bakterija: Deluje antibakterijski, spre\u010davaju\u0107i razmno\u017eavanje bakterija koje mogu pogor\u0161ati stanje temena. Balansira vlagu i ulje: Poma\u017ee u odr\u017eavanju optimalnog nivoa vlage i ulja, pobolj\u0161avaju\u0107i ravnote\u017eu i zdravlje ko\u017ee glave.Pobolj\u0161ava elasti\u010dnost ko\u017ee glave: Obnavlja elasti\u010dnost skalpa, \u010dine\u0107i ga vitalnijim i zdravijim. Kontroli\u0161e lu\u010denje sebuma: Specijalna formula ampule (OC) koja poma\u017ee u kontroli prekomernog lu\u010denja sebuma, spre\u010dava gubitak kose usled nakupljanja sebuma. Posebna napomena Masno i kombinovano teme, naro\u010dito ono sa peruti, zahteva pa\u017eljiv i specifi\u010dan tretman. Ovaj tretman ne samo da re\u0161ava trenutne probleme sa temenom, ve\u0107 i poma\u017ee u prevenciji budu\u0107ih iritacija. Ako va\u0161e teme pokazuje znakove prekomernog lu\u010denja sebuma, peruti ili nakupljanja mrtvih \u0107elija, na\u0161 tretman je savr\u0161eno re\u0161enje za zdravije i izbalansiranije teme. Ovaj specijalizovani tretman obnavlja prirodnu ravnote\u017eu temena i daje dugoro\u010dne rezultate. Ovaj tretman je idealan za \u017eene i mu\u0161karce koji se suo\u010davaju sa masnim ili kombinovanim temenom i peruti. Specijalno dizajniran da re\u0161i probleme sa prekomernim lu\u010denjem sebuma i nakupljanjem mrtvih \u0107elija, pru\u017ea sveobuhvatnu negu koja revitalizuje va\u0161u ko\u017eu glave i vra\u0107a joj neophodnu ravnote\u017eu. Tretman po\u010dinje identifikacijom unutra\u0161njih i spolja\u0161njih faktora koji doprinose problemima sa temenom. Koriste\u0107i naprednu tehniku OC skaliranja, efikasno uklanja vi\u0161ak sebuma i oksidirane materije koje se nakupljaju na temenu. Ovaj proces ne samo da smanjuje probleme sa peruti, ve\u0107 i balansira nivoe vlage i ulja, pobolj\u0161avaju\u0107i elasti\u010dnost i ukupno zdravlje temena. Uklanja vi\u0161ak sebuma i oksidirane materije: Dubinski \u010disti teme, \u010dime se smanjuje nakupljanje ne\u010disto\u0107a i spre\u010davaju dodatni problemi. Spre\u010dava razmno\u017eavanje bakterija: Deluje antibakterijski, spre\u010davaju\u0107i razmno\u017eavanje bakterija koje mogu pogor\u0161ati stanje temena. Balansira vlagu i ulje: Poma\u017ee u odr\u017eavanju optimalnog nivoa vlage i ulja, pobolj\u0161avaju\u0107i ravnote\u017eu i zdravlje ko\u017ee glave.Pobolj\u0161ava elasti\u010dnost ko\u017ee glave: Obnavlja elasti\u010dnost skalpa, \u010dine\u0107i ga vitalnijim i zdravijim. Kontroli\u0161e lu\u010denje sebuma: Specijalna formula ampule (OC) koja poma\u017ee u kontroli prekomernog lu\u010denja sebuma, spre\u010dava gubitak kose usled nakupljanja sebuma. Masno i kombinovano teme, naro\u010dito ono sa peruti, zahteva pa\u017eljiv i specifi\u010dan tretman. Ovaj tretman ne samo da re\u0161ava trenutne probleme sa temenom, ve\u0107 i poma\u017ee u prevenciji budu\u0107ih iritacija. Ako va\u0161e teme pokazuje znakove prekomernog lu\u010denja sebuma, peruti ili nakupljanja mrtvih \u0107elija, na\u0161 tretman je savr\u0161eno re\u0161enje za zdravije i izbalansiranije teme. Ovaj specijalizovani tretman obnavlja prirodnu ravnote\u017eu temena i daje dugoro\u010dne rezultate. Cena 18000,00 RSD Ostali tretmani<\/p>","protected":false},"author":1,"featured_media":0,"parent":0,"menu_order":0,"comment_status":"closed","ping_status":"closed","template":"","meta":{"_acf_changed":false,"site-sidebar-layout":"no-sidebar","site-content-layout":"","ast-site-content-layout":"full-width-container","site-content-style":"default","site-sidebar-style":"default","ast-global-header-display":"","ast-banner-title-visibility":"","ast-main-header-display":"","ast-hfb-above-header-display":"","ast-hfb-below-header-display":"","ast-hfb-mobile-header-display":"","site-post-title":"disabled","ast-breadcrumbs-content":"","ast-featured-img":"disabled","footer-sml-layout":"","theme-transparent-header-meta":"","adv-header-id-meta":"","stick-header-meta":"","header-above-stick-meta":"","header-main-stick-meta":"","header-below-stick-meta":"","astra-migrate-meta-layouts":"default","ast-page-background-enabled":"default","ast-page-background-meta":{"desktop":{"background-color":"var(--ast-global-color-4)","background-image":"","background-repeat":"repeat","background-position":"center center","background-size":"auto","background-attachment":"scroll","background-type":"","background-media":"","overlay-type":"","overlay-color":"","overlay-opacity":"","overlay-gradient":""},"tablet":{"background-color":"","background-image":"","background-repeat":"repeat","background-position":"center center","background-size":"auto","background-attachment":"scroll","background-type":"","background-media":"","overlay-type":"","overlay-color":"","overlay-opacity":"","overlay-gradient":""},"mobile":{"background-color":"","background-image":"","background-repeat":"repeat","background-position":"center center","background-size":"auto","background-attachment":"scroll","background-type":"","background-media":"","overlay-type":"","overlay-color":"","overlay-opacity":"","overlay-gradient":""}},"ast-content-background-meta":{"desktop":{"background-color":"var(--ast-global-color-5)","background-image":"","background-repeat":"repeat","background-position":"center center","background-size":"auto","background-attachment":"scroll","background-type":"","background-media":"","overlay-type":"","overlay-color":"","overlay-opacity":"","overlay-gradient":""},"tablet":{"background-color":"var(--ast-global-color-5)","background-image":"","background-repeat":"repeat","background-position":"center center","background-size":"auto","background-attachment":"scroll","background-type":"","background-media":"","overlay-type":"","overlay-color":"","overlay-opacity":"","overlay-gradient":""},"mobile":{"background-color":"var(--ast-global-color-5)","background-image":"","background-repeat":"repeat","background-position":"center center","background-size":"auto","background-attachment":"scroll","background-type":"","background-media":"","overlay-type":"","overlay-color":"","overlay-opacity":"","overlay-gradient":""}},"footnotes":""},"class_list":["post-512","page","type-page","status-publish","hentry"],"acf":[],"_links":{"self":[{"href":"https:\/\/premiumkoreanheadspa.com\/en\/wp-json\/wp\/v2\/pages\/512","targetHints":{"allow":["GET"]}}],"collection":[{"href":"https:\/\/premiumkoreanheadspa.com\/en\/wp-json\/wp\/v2\/pages"}],"about":[{"href":"https:\/\/premiumkoreanheadspa.com\/en\/wp-json\/wp\/v2\/types\/page"}],"author":[{"embeddable":true,"href":"https:\/\/premiumkoreanheadspa.com\/en\/wp-json\/wp\/v2\/users\/1"}],"replies":[{"embeddable":true,"href":"https:\/\/premiumkoreanheadspa.com\/en\/wp-json\/wp\/v2\/comments?post=512"}],"version-history":[{"count":0,"href":"https:\/\/premiumkoreanheadspa.com\/en\/wp-json\/wp\/v2\/pages\/512\/revisions"}],"wp:attachment":[{"href":"https:\/\/premiumkoreanheadspa.com\/en\/wp-json\/wp\/v2\/media?parent=512"}],"curies":[{"name":"wp","href":"https:\/\/api.w.org\/{rel}","templated":true}]}}