{"id":516,"date":"2024-12-09T09:33:42","date_gmt":"2024-12-09T09:33:42","guid":{"rendered":"https:\/\/premiumkoreanheadspa.com\/?page_id=516"},"modified":"2024-12-24T21:09:35","modified_gmt":"2024-12-24T21:09:35","slug":"8kh","status":"publish","type":"page","link":"https:\/\/premiumkoreanheadspa.com\/en\/8kh\/","title":{"rendered":"8KH"},"content":{"rendered":"<div data-elementor-type=\"wp-page\" data-elementor-id=\"516\" class=\"elementor elementor-516\">\n\t\t\t\t<div class=\"elementor-element elementor-element-77f3e9f6 e-flex e-con-boxed wpr-particle-no wpr-jarallax-no wpr-parallax-no wpr-sticky-section-no e-con e-parent\" data-id=\"77f3e9f6\" data-element_type=\"container\">\n\t\t\t\t\t<div class=\"e-con-inner\">\n\t\t\t\t<div class=\"elementor-element elementor-element-9f63640 elementor-widget elementor-widget-heading\" data-id=\"9f63640\" data-element_type=\"widget\" data-widget_type=\"heading.default\">\n\t\t\t\t<div class=\"elementor-widget-container\">\n\t\t\t\t\t<h2 class=\"elementor-heading-title elementor-size-default\">Treatmants<\/h2>\t\t\t\t<\/div>\n\t\t\t\t<\/div>\n\t\t\t\t\t<\/div>\n\t\t\t\t<\/div>\n\t\t<div class=\"elementor-element elementor-element-31e57671 e-flex e-con-boxed wpr-particle-no wpr-jarallax-no wpr-parallax-no wpr-sticky-section-no e-con e-parent\" data-id=\"31e57671\" data-element_type=\"container\">\n\t\t\t\t\t<div class=\"e-con-inner\">\n\t\t<div class=\"elementor-element elementor-element-6d755c9b e-grid e-con-full wpr-particle-no wpr-jarallax-no wpr-parallax-no wpr-sticky-section-no e-con e-child\" data-id=\"6d755c9b\" data-element_type=\"container\" data-settings=\"{&quot;background_background&quot;:&quot;classic&quot;}\">\n\t\t\t\t<div class=\"elementor-element elementor-element-6b77971b elementor-widget elementor-widget-spacer\" data-id=\"6b77971b\" data-element_type=\"widget\" data-widget_type=\"spacer.default\">\n\t\t\t\t<div class=\"elementor-widget-container\">\n\t\t\t\t\t\t\t<div class=\"elementor-spacer\">\n\t\t\t<div class=\"elementor-spacer-inner\"><\/div>\n\t\t<\/div>\n\t\t\t\t\t\t<\/div>\n\t\t\t\t<\/div>\n\t\t\t\t<div class=\"elementor-element elementor-element-209f0249 elementor-widget elementor-widget-image\" data-id=\"209f0249\" data-element_type=\"widget\" data-widget_type=\"image.default\">\n\t\t\t\t<div class=\"elementor-widget-container\">\n\t\t\t\t\t\t\t\t\t\t\t\t\t\t\t<img decoding=\"async\" width=\"45\" height=\"18\" src=\"https:\/\/premiumkoreanheadspa.com\/wp-content\/uploads\/2024\/12\/Group-13.svg\" class=\"attachment-full size-full wp-image-998\" alt=\"\" \/>\t\t\t\t\t\t\t\t\t\t\t\t\t\t\t<\/div>\n\t\t\t\t<\/div>\n\t\t\t\t<div class=\"elementor-element elementor-element-82a2d92 elementor-widget__width-initial elementor-widget elementor-widget-heading\" data-id=\"82a2d92\" data-element_type=\"widget\" data-widget_type=\"heading.default\">\n\t\t\t\t<div class=\"elementor-widget-container\">\n\t\t\t\t\t<h2 class=\"elementor-heading-title elementor-size-default\">Healing\u2028Aroma Line<\/h2>\t\t\t\t<\/div>\n\t\t\t\t<\/div>\n\t\t\t\t<\/div>\n\t\t<div class=\"elementor-element elementor-element-6540debc e-con-full e-flex wpr-particle-no wpr-jarallax-no wpr-parallax-no wpr-sticky-section-no e-con e-child\" data-id=\"6540debc\" data-element_type=\"container\">\n\t\t<div class=\"elementor-element elementor-element-324e51c3 e-con-full e-flex wpr-particle-no wpr-jarallax-no wpr-parallax-no wpr-sticky-section-no e-con e-child\" data-id=\"324e51c3\" data-element_type=\"container\">\n\t\t\t\t<div class=\"elementor-element elementor-element-7dffde7a elementor-widget elementor-widget-heading\" data-id=\"7dffde7a\" data-element_type=\"widget\" data-widget_type=\"heading.default\">\n\t\t\t\t<div class=\"elementor-widget-container\">\n\t\t\t\t\t<h2 class=\"elementor-heading-title elementor-size-default\">8KH - Healing Aroma Line<\/h2>\t\t\t\t<\/div>\n\t\t\t\t<\/div>\n\t\t\t\t<\/div>\n\t\t\t\t<div class=\"elementor-element elementor-element-7107d982 elementor-widget elementor-widget-n-accordion\" data-id=\"7107d982\" data-element_type=\"widget\" data-settings=\"{&quot;default_state&quot;:&quot;expanded&quot;,&quot;max_items_expended&quot;:&quot;one&quot;,&quot;n_accordion_animation_duration&quot;:{&quot;unit&quot;:&quot;ms&quot;,&quot;size&quot;:400,&quot;sizes&quot;:[]}}\" data-widget_type=\"nested-accordion.default\">\n\t\t\t\t<div class=\"elementor-widget-container\">\n\t\t\t\t\t\t\t<div class=\"e-n-accordion\" aria-label=\"Accordion. Open links with Enter or Space, close with Escape, and navigate with Arrow Keys\">\n\t\t\t\t\t\t<details id=\"e-n-accordion-item-1890\" class=\"e-n-accordion-item\" open>\n\t\t\t\t<summary class=\"e-n-accordion-item-title\" data-accordion-index=\"1\" tabindex=\"0\" aria-expanded=\"true\" aria-controls=\"e-n-accordion-item-1890\" >\n\t\t\t\t\t<span class='e-n-accordion-item-title-header'><div class=\"e-n-accordion-item-title-text\"> Who it\u2019s for <\/div><\/span>\n\t\t\t\t\t\t\t<span class='e-n-accordion-item-title-icon'>\n\t\t\t<span class='e-opened' ><svg xmlns=\"http:\/\/www.w3.org\/2000\/svg\" width=\"12\" height=\"18\" viewbox=\"0 0 12 18\" fill=\"none\"><path d=\"M5.46967 17.5303C5.76256 17.8232 6.23744 17.8232 6.53033 17.5303L11.3033 12.7574C11.5962 12.4645 11.5962 11.9896 11.3033 11.6967C11.0104 11.4038 10.5355 11.4038 10.2426 11.6967L6 15.9393L1.75736 11.6967C1.46447 11.4038 0.989592 11.4038 0.696699 11.6967C0.403805 11.9896 0.403805 12.4645 0.696699 12.7574L5.46967 17.5303ZM5.25 -3.27835e-08L5.25 17L6.75 17L6.75 3.27835e-08L5.25 -3.27835e-08Z\" fill=\"black\"><\/path><\/svg><\/span>\n\t\t\t<span class='e-closed'><svg xmlns=\"http:\/\/www.w3.org\/2000\/svg\" width=\"19\" height=\"13\" viewbox=\"0 0 19 13\" fill=\"none\"><path d=\"M18.0303 7.03033C18.3232 6.73744 18.3232 6.26256 18.0303 5.96967L13.2574 1.1967C12.9645 0.903806 12.4896 0.903806 12.1967 1.1967C11.9038 1.48959 11.9038 1.96447 12.1967 2.25736L16.4393 6.5L12.1967 10.7426C11.9038 11.0355 11.9038 11.5104 12.1967 11.8033C12.4896 12.0962 12.9645 12.0962 13.2574 11.8033L18.0303 7.03033ZM0.5 7.25L17.5 7.25V5.75L0.5 5.75L0.5 7.25Z\" fill=\"black\"><\/path><\/svg><\/span>\n\t\t<\/span>\n\n\t\t\t\t\t\t<\/summary>\n\t\t\t\t<div role=\"region\" aria-labelledby=\"e-n-accordion-item-1890\" class=\"elementor-element elementor-element-2ccd4139 e-con-full e-flex wpr-particle-no wpr-jarallax-no wpr-parallax-no wpr-sticky-section-no e-con e-child\" data-id=\"2ccd4139\" data-element_type=\"container\">\n\t\t\t\t<div class=\"elementor-element elementor-element-c6f47fd elementor-widget elementor-widget-text-editor\" data-id=\"c6f47fd\" data-element_type=\"widget\" data-widget_type=\"text-editor.default\">\n\t\t\t\t<div class=\"elementor-widget-container\">\n\t\t\t\t\t\t\t\t\t<p>An exclusive relaxing treatment that enhances the health of your scalp and hair through deep detoxification. This treatment involves the use of two specially designed oils that are completely natural and free from chemical additives or harmful ingredients. It provides a simultaneous experience of revitalization and relaxation.<\/p><p><span style=\"font-style: inherit; font-weight: inherit; color: var( --e-global-color-text ); text-align: var(--text-align); background-color: var(--ast-global-color-5);\">Suitable for individuals with sensitive or irritated scalps: The natural oils without chemical additives are suitable for all skin types, including those prone to irritation.<\/span><\/p>\t\t\t\t\t\t\t\t<\/div>\n\t\t\t\t<\/div>\n\t\t\t\t<\/div>\n\t\t\t\t\t<\/details>\n\t\t\t\t\t\t<details id=\"e-n-accordion-item-1891\" class=\"e-n-accordion-item\" >\n\t\t\t\t<summary class=\"e-n-accordion-item-title\" data-accordion-index=\"2\" tabindex=\"-1\" aria-expanded=\"false\" aria-controls=\"e-n-accordion-item-1891\" >\n\t\t\t\t\t<span class='e-n-accordion-item-title-header'><div class=\"e-n-accordion-item-title-text\"> Benefits <\/div><\/span>\n\t\t\t\t\t\t\t<span class='e-n-accordion-item-title-icon'>\n\t\t\t<span class='e-opened' ><svg xmlns=\"http:\/\/www.w3.org\/2000\/svg\" width=\"12\" height=\"18\" viewbox=\"0 0 12 18\" fill=\"none\"><path d=\"M5.46967 17.5303C5.76256 17.8232 6.23744 17.8232 6.53033 17.5303L11.3033 12.7574C11.5962 12.4645 11.5962 11.9896 11.3033 11.6967C11.0104 11.4038 10.5355 11.4038 10.2426 11.6967L6 15.9393L1.75736 11.6967C1.46447 11.4038 0.989592 11.4038 0.696699 11.6967C0.403805 11.9896 0.403805 12.4645 0.696699 12.7574L5.46967 17.5303ZM5.25 -3.27835e-08L5.25 17L6.75 17L6.75 3.27835e-08L5.25 -3.27835e-08Z\" fill=\"black\"><\/path><\/svg><\/span>\n\t\t\t<span class='e-closed'><svg xmlns=\"http:\/\/www.w3.org\/2000\/svg\" width=\"19\" height=\"13\" viewbox=\"0 0 19 13\" fill=\"none\"><path d=\"M18.0303 7.03033C18.3232 6.73744 18.3232 6.26256 18.0303 5.96967L13.2574 1.1967C12.9645 0.903806 12.4896 0.903806 12.1967 1.1967C11.9038 1.48959 11.9038 1.96447 12.1967 2.25736L16.4393 6.5L12.1967 10.7426C11.9038 11.0355 11.9038 11.5104 12.1967 11.8033C12.4896 12.0962 12.9645 12.0962 13.2574 11.8033L18.0303 7.03033ZM0.5 7.25L17.5 7.25V5.75L0.5 5.75L0.5 7.25Z\" fill=\"black\"><\/path><\/svg><\/span>\n\t\t<\/span>\n\n\t\t\t\t\t\t<\/summary>\n\t\t\t\t<div role=\"region\" aria-labelledby=\"e-n-accordion-item-1891\" class=\"elementor-element elementor-element-6dfe461 e-con-full e-flex wpr-particle-no wpr-jarallax-no wpr-parallax-no wpr-sticky-section-no e-con e-child\" data-id=\"6dfe461\" data-element_type=\"container\">\n\t\t\t\t<div class=\"elementor-element elementor-element-3e39d92d elementor-widget elementor-widget-text-editor\" data-id=\"3e39d92d\" data-element_type=\"widget\" data-widget_type=\"text-editor.default\">\n\t\t\t\t<div class=\"elementor-widget-container\">\n\t\t\t\t\t\t\t\t\t<p>Detoxification oil: Specifically created to gently yet effectively eliminate toxins from the scalp. <\/p><p>Revitalization oil: Enriched with nutrients that promote the health and growth of hair.\nThis treatment falls into the category of luxurious holistic care with long-term benefits for your hair and scalp.<\/p><p>This treatment falls into the category of luxurious holistic care with long-term benefits for your hair and scalp.<\/p>\t\t\t\t\t\t\t\t<\/div>\n\t\t\t\t<\/div>\n\t\t\t\t<\/div>\n\t\t\t\t\t<\/details>\n\t\t\t\t\t<\/div>\n\t\t\t\t\t\t<\/div>\n\t\t\t\t<\/div>\n\t\t<div class=\"elementor-element elementor-element-638c9a7e e-con-full e-flex wpr-particle-no wpr-jarallax-no wpr-parallax-no wpr-sticky-section-no e-con e-child\" data-id=\"638c9a7e\" data-element_type=\"container\">\n\t\t\t\t<div class=\"elementor-element elementor-element-681cc386 elementor-widget elementor-widget-heading\" data-id=\"681cc386\" data-element_type=\"widget\" data-widget_type=\"heading.default\">\n\t\t\t\t<div class=\"elementor-widget-container\">\n\t\t\t\t\t<h2 class=\"elementor-heading-title elementor-size-default\">Price<\/h2>\t\t\t\t<\/div>\n\t\t\t\t<\/div>\n\t\t\t\t<div class=\"elementor-element elementor-element-368d69d2 elementor-widget elementor-widget-heading\" data-id=\"368d69d2\" data-element_type=\"widget\" data-widget_type=\"heading.default\">\n\t\t\t\t<div class=\"elementor-widget-container\">\n\t\t\t\t\t<h2 class=\"elementor-heading-title elementor-size-default\">12000,00 RSD<\/h2>\t\t\t\t<\/div>\n\t\t\t\t<\/div>\n\t\t\t\t<\/div>\n\t\t\t\t<\/div>\n\t\t\t\t\t<\/div>\n\t\t\t\t<\/div>\n\t\t<div class=\"elementor-element elementor-element-64290623 e-con-full e-flex wpr-particle-no wpr-jarallax-no wpr-parallax-no wpr-sticky-section-no e-con e-parent\" data-id=\"64290623\" data-element_type=\"container\">\n\t\t<div class=\"elementor-element elementor-element-55aab85b e-con-full e-flex wpr-particle-no wpr-jarallax-no wpr-parallax-no wpr-sticky-section-no e-con e-child\" data-id=\"55aab85b\" data-element_type=\"container\">\n\t\t\t\t<div class=\"elementor-element elementor-element-4924d10c elementor-widget elementor-widget-heading\" data-id=\"4924d10c\" data-element_type=\"widget\" data-widget_type=\"heading.default\">\n\t\t\t\t<div class=\"elementor-widget-container\">\n\t\t\t\t\t<h2 class=\"elementor-heading-title elementor-size-default\">Ostali tretmani<\/h2>\t\t\t\t<\/div>\n\t\t\t\t<\/div>\n\t\t\t\t<div class=\"elementor-element elementor-element-866c99c elementor-widget elementor-widget-shortcode\" data-id=\"866c99c\" data-element_type=\"widget\" data-widget_type=\"shortcode.default\">\n\t\t\t\t<div class=\"elementor-widget-container\">\n\t\t\t\t\t\t\t<div class=\"elementor-shortcode\"><div class=\"horizontal-scroll-wrapper\">\n                <div class=\"horizontal-scroll-content\">\n    \n        <div class=\"horizontal-scroll-item\">\n            <a href=\"https:\/\/premiumkoreanheadspa.com\/en\/3S\/\">\n                <div class=\"item-title\">3S<\/div>\n                <div class=\"item-content\">Scalp Scalling Therapy<\/div>\n            <\/a>\n        <\/div>\n    \n    \n        <div class=\"horizontal-scroll-item\">\n            <a href=\"https:\/\/premiumkoreanheadspa.com\/en\/10B\/\">\n                <div class=\"item-title\">10B<\/div>\n                <div class=\"item-content\">Brain Solution Therapy with Silver Comb<\/div>\n            <\/a>\n        <\/div>\n    \n    \n        <div class=\"horizontal-scroll-item\">\n            <a href=\"https:\/\/premiumkoreanheadspa.com\/en\/5D\/\">\n                <div class=\"item-title\">5D<\/div>\n                <div class=\"item-content\">Scalp Detox Therapy<\/div>\n            <\/a>\n        <\/div>\n    \n    \n        <div class=\"horizontal-scroll-item\">\n            <a href=\"https:\/\/premiumkoreanheadspa.com\/en\/12P\/\">\n                <div class=\"item-title\">12P<\/div>\n                <div class=\"item-content\">Depecia Care<\/div>\n            <\/a>\n        <\/div>\n    \n    \n        <div class=\"horizontal-scroll-item\">\n            <a href=\"https:\/\/premiumkoreanheadspa.com\/en\/EH+\/\">\n                <div class=\"item-title\">EH+<\/div>\n                <div class=\"item-content\">Hair Repair Program<\/div>\n            <\/a>\n        <\/div>\n    \n    \n        <div class=\"horizontal-scroll-item\">\n            <a href=\"https:\/\/premiumkoreanheadspa.com\/en\/7M-OS\/\">\n                <div class=\"item-title\">7M OS<\/div>\n                <div class=\"item-content\">By Scalp Type Oily Scalp<\/div>\n            <\/a>\n        <\/div>\n    \n    \n        <div class=\"horizontal-scroll-item\">\n            <a href=\"https:\/\/premiumkoreanheadspa.com\/en\/7M-DS\/\">\n                <div class=\"item-title\">7M DS<\/div>\n                <div class=\"item-content\">By Scalp Type Dry & Sensitive Scalp<\/div>\n            <\/a>\n        <\/div>\n    \n<\/div>\n                <button class=\"scroll-arrow prev-arrow\" aria-label=\"Scroll Left\">\n                    <img decoding=\"async\" src=\"https:\/\/premiumkoreanheadspa.com\/wp-content\/plugins\/novtech-slider\/assets\/ArrowRight.svg\" alt=\"Previous\">\n                <\/button>\n                <button class=\"scroll-arrow next-arrow\" aria-label=\"Scroll Right\">\n                    <img decoding=\"async\" src=\"https:\/\/premiumkoreanheadspa.com\/wp-content\/plugins\/novtech-slider\/assets\/ArrowRight.svg\" alt=\"Next\">\n                <\/button>\n            <\/div><\/div>\n\t\t\t\t\t\t<\/div>\n\t\t\t\t<\/div>\n\t\t\t\t<\/div>\n\t\t\t\t<\/div>\n\t\t\t\t<\/div>","protected":false},"excerpt":{"rendered":"<p>Treatmants Healing\u2028Aroma Line 8KH &#8211; Healing Aroma Line Kome je namenjen Ekskluzivni tretman koji vas opu\u0161ta i unapre\u0111uje zdravlje va\u0161eg temena i kose kroz duboku detoksikaciju. Ovaj tretman obuhvata upotrebu dva posebno dizajnirana ulja, koja su potpuno prirodna i bez hemijskih dodataka ili \u0161tetnih sastojaka. Tretman vam istovremeno pru\u017ea iskustvo revitalizacije i opu\u0161tanja. Osobe sa osetljivom ili iziritiranom ko\u017eom glave: Prirodna ulja bez hemijskih dodataka su pogodna za sve tipove ko\u017ee, uklju\u010duju\u0107i i one koji su skloni iritacijama. Prednosti Ulje za detoksikaciju: specijalno kreirano da ne\u017eno, ali efikasno elimini\u0161e toksine iz temena. Ulje za revitalizaciju: oboga\u0107eno hranljivim sastojcima koji podsti\u010du zdravlje i rast kose. Tretman spada u kategoriju luksuzne nege holisti\u010dkog pristupa sa dugoro\u010dnim benefitima za va\u0161u kosu i teme. Ekskluzivni tretman koji vas opu\u0161ta i unapre\u0111uje zdravlje va\u0161eg temena i kose kroz duboku detoksikaciju. Ovaj tretman obuhvata upotrebu dva posebno dizajnirana ulja, koja su potpuno prirodna i bez hemijskih dodataka ili \u0161tetnih sastojaka. Tretman vam istovremeno pru\u017ea iskustvo revitalizacije i opu\u0161tanja. Osobe sa osetljivom ili iziritiranom ko\u017eom glave: Prirodna ulja bez hemijskih dodataka su pogodna za sve tipove ko\u017ee, uklju\u010duju\u0107i i one koji su skloni iritacijama. Ulje za detoksikaciju: specijalno kreirano da ne\u017eno, ali efikasno elimini\u0161e toksine iz temena. Ulje za revitalizaciju: oboga\u0107eno hranljivim sastojcima koji podsti\u010du zdravlje i rast kose. Tretman spada u kategoriju luksuzne nege holisti\u010dkog pristupa sa dugoro\u010dnim benefitima za va\u0161u kosu i teme. Cena 12000,00 RSD Ostali tretmani<\/p>","protected":false},"author":1,"featured_media":0,"parent":0,"menu_order":0,"comment_status":"closed","ping_status":"closed","template":"","meta":{"_acf_changed":false,"site-sidebar-layout":"no-sidebar","site-content-layout":"","ast-site-content-layout":"full-width-container","site-content-style":"default","site-sidebar-style":"default","ast-global-header-display":"","ast-banner-title-visibility":"","ast-main-header-display":"","ast-hfb-above-header-display":"","ast-hfb-below-header-display":"","ast-hfb-mobile-header-display":"","site-post-title":"disabled","ast-breadcrumbs-content":"","ast-featured-img":"disabled","footer-sml-layout":"","theme-transparent-header-meta":"","adv-header-id-meta":"","stick-header-meta":"","header-above-stick-meta":"","header-main-stick-meta":"","header-below-stick-meta":"","astra-migrate-meta-layouts":"default","ast-page-background-enabled":"default","ast-page-background-meta":{"desktop":{"background-color":"var(--ast-global-color-4)","background-image":"","background-repeat":"repeat","background-position":"center center","background-size":"auto","background-attachment":"scroll","background-type":"","background-media":"","overlay-type":"","overlay-color":"","overlay-opacity":"","overlay-gradient":""},"tablet":{"background-color":"","background-image":"","background-repeat":"repeat","background-position":"center center","background-size":"auto","background-attachment":"scroll","background-type":"","background-media":"","overlay-type":"","overlay-color":"","overlay-opacity":"","overlay-gradient":""},"mobile":{"background-color":"","background-image":"","background-repeat":"repeat","background-position":"center center","background-size":"auto","background-attachment":"scroll","background-type":"","background-media":"","overlay-type":"","overlay-color":"","overlay-opacity":"","overlay-gradient":""}},"ast-content-background-meta":{"desktop":{"background-color":"var(--ast-global-color-5)","background-image":"","background-repeat":"repeat","background-position":"center center","background-size":"auto","background-attachment":"scroll","background-type":"","background-media":"","overlay-type":"","overlay-color":"","overlay-opacity":"","overlay-gradient":""},"tablet":{"background-color":"var(--ast-global-color-5)","background-image":"","background-repeat":"repeat","background-position":"center center","background-size":"auto","background-attachment":"scroll","background-type":"","background-media":"","overlay-type":"","overlay-color":"","overlay-opacity":"","overlay-gradient":""},"mobile":{"background-color":"var(--ast-global-color-5)","background-image":"","background-repeat":"repeat","background-position":"center center","background-size":"auto","background-attachment":"scroll","background-type":"","background-media":"","overlay-type":"","overlay-color":"","overlay-opacity":"","overlay-gradient":""}},"footnotes":""},"class_list":["post-516","page","type-page","status-publish","hentry"],"acf":[],"_links":{"self":[{"href":"https:\/\/premiumkoreanheadspa.com\/en\/wp-json\/wp\/v2\/pages\/516","targetHints":{"allow":["GET"]}}],"collection":[{"href":"https:\/\/premiumkoreanheadspa.com\/en\/wp-json\/wp\/v2\/pages"}],"about":[{"href":"https:\/\/premiumkoreanheadspa.com\/en\/wp-json\/wp\/v2\/types\/page"}],"author":[{"embeddable":true,"href":"https:\/\/premiumkoreanheadspa.com\/en\/wp-json\/wp\/v2\/users\/1"}],"replies":[{"embeddable":true,"href":"https:\/\/premiumkoreanheadspa.com\/en\/wp-json\/wp\/v2\/comments?post=516"}],"version-history":[{"count":0,"href":"https:\/\/premiumkoreanheadspa.com\/en\/wp-json\/wp\/v2\/pages\/516\/revisions"}],"wp:attachment":[{"href":"https:\/\/premiumkoreanheadspa.com\/en\/wp-json\/wp\/v2\/media?parent=516"}],"curies":[{"name":"wp","href":"https:\/\/api.w.org\/{rel}","templated":true}]}}