{"id":201,"date":"2024-11-20T20:04:27","date_gmt":"2024-11-20T20:04:27","guid":{"rendered":"https:\/\/premiumkoreanheadspa.com\/?post_type=product&#038;p=201"},"modified":"2024-12-24T21:23:36","modified_gmt":"2024-12-24T21:23:36","slug":"hair-91-cetka-18k-zlatno-resenje","status":"publish","type":"product","link":"https:\/\/premiumkoreanheadspa.com\/en\/product\/hair-91-cetka-18k-zlatno-resenje\/","title":{"rendered":"Hair 91 Brush 18K"},"content":{"rendered":"<p>The unique design of the brush tips provides a refreshing cooling sensation while gently massaging your scalp. This innovative approach not only improves circulation but also prevents irritation. The Hair 91 Brush 18K evenly cools your scalp, leaving a lasting effect and making each brushing experience pleasant and refreshing.<br \/>\nCombing before shampooing is useful for removing dirt and dandruff from the scalp, and it also helps reduce heat. This golden brush especially provides cooling to the scalp, thanks to its luxurious design.<\/p>","protected":false},"excerpt":{"rendered":"<p>Jedinstveni dizajn vrhova ove luksuzne zlatne \u010detke pru\u017ea prijatan ose\u0107aj hla\u0111enja dok ne\u017eno masira va\u0161u ko\u017eu glave. Ovaj inovativni pristup ne samo da pobolj\u0161ava cirkulaciju, ve\u0107 i spre\u010dava iritacije. 91 \u010detka sa 18K zlatnim iglicama ravnomerno hladi va\u0161e teme, ostavljaju\u0107i dugotrajan efekat i \u010dine\u0107i svako \u010de\u0161ljanje prijatnim i osve\u017eavaju\u0107im. \u010ce\u0161ljanje pre pranja \u0161amponom je korisno za uklanjanje prljav\u0161tina i peruti sa ko\u017ee glave, a poma\u017ee i u smanjenju toplote. Ova zlatna \u010detka posebno pru\u017ea hla\u0111enje ko\u017ee glave, zahvaljuju\u0107i svom luksuznom dizajnu.<\/p>","protected":false},"featured_media":724,"comment_status":"open","ping_status":"closed","template":"","meta":{"_acf_changed":false,"site-sidebar-layout":"default","site-content-layout":"","ast-site-content-layout":"default","site-content-style":"default","site-sidebar-style":"default","ast-global-header-display":"","ast-banner-title-visibility":"","ast-main-header-display":"","ast-hfb-above-header-display":"","ast-hfb-below-header-display":"","ast-hfb-mobile-header-display":"","site-post-title":"","ast-breadcrumbs-content":"","ast-featured-img":"","footer-sml-layout":"","theme-transparent-header-meta":"default","adv-header-id-meta":"","stick-header-meta":"","header-above-stick-meta":"","header-main-stick-meta":"","header-below-stick-meta":"","astra-migrate-meta-layouts":"set","ast-page-background-enabled":"default","ast-page-background-meta":{"desktop":{"background-color":"var(--ast-global-color-4)","background-image":"","background-repeat":"repeat","background-position":"center center","background-size":"auto","background-attachment":"scroll","background-type":"","background-media":"","overlay-type":"","overlay-color":"","overlay-opacity":"","overlay-gradient":""},"tablet":{"background-color":"","background-image":"","background-repeat":"repeat","background-position":"center center","background-size":"auto","background-attachment":"scroll","background-type":"","background-media":"","overlay-type":"","overlay-color":"","overlay-opacity":"","overlay-gradient":""},"mobile":{"background-color":"","background-image":"","background-repeat":"repeat","background-position":"center center","background-size":"auto","background-attachment":"scroll","background-type":"","background-media":"","overlay-type":"","overlay-color":"","overlay-opacity":"","overlay-gradient":""}},"ast-content-background-meta":{"desktop":{"background-color":"var(--ast-global-color-5)","background-image":"","background-repeat":"repeat","background-position":"center center","background-size":"auto","background-attachment":"scroll","background-type":"","background-media":"","overlay-type":"","overlay-color":"","overlay-opacity":"","overlay-gradient":""},"tablet":{"background-color":"var(--ast-global-color-5)","background-image":"","background-repeat":"repeat","background-position":"center center","background-size":"auto","background-attachment":"scroll","background-type":"","background-media":"","overlay-type":"","overlay-color":"","overlay-opacity":"","overlay-gradient":""},"mobile":{"background-color":"var(--ast-global-color-5)","background-image":"","background-repeat":"repeat","background-position":"center center","background-size":"auto","background-attachment":"scroll","background-type":"","background-media":"","overlay-type":"","overlay-color":"","overlay-opacity":"","overlay-gradient":""}}},"product_brand":[],"product_cat":[16],"product_tag":[],"class_list":{"0":"post-201","1":"product","2":"type-product","3":"status-publish","4":"has-post-thumbnail","6":"product_cat-uncategorized","7":"desktop-align-center","8":"tablet-align-center","9":"mobile-align-center","11":"first","12":"instock","13":"shipping-taxable","14":"purchasable","15":"product-type-simple"},"acf":[],"_links":{"self":[{"href":"https:\/\/premiumkoreanheadspa.com\/en\/wp-json\/wp\/v2\/product\/201","targetHints":{"allow":["GET"]}}],"collection":[{"href":"https:\/\/premiumkoreanheadspa.com\/en\/wp-json\/wp\/v2\/product"}],"about":[{"href":"https:\/\/premiumkoreanheadspa.com\/en\/wp-json\/wp\/v2\/types\/product"}],"replies":[{"embeddable":true,"href":"https:\/\/premiumkoreanheadspa.com\/en\/wp-json\/wp\/v2\/comments?post=201"}],"wp:featuredmedia":[{"embeddable":true,"href":"https:\/\/premiumkoreanheadspa.com\/en\/wp-json\/wp\/v2\/media\/724"}],"wp:attachment":[{"href":"https:\/\/premiumkoreanheadspa.com\/en\/wp-json\/wp\/v2\/media?parent=201"}],"wp:term":[{"taxonomy":"product_brand","embeddable":true,"href":"https:\/\/premiumkoreanheadspa.com\/en\/wp-json\/wp\/v2\/product_brand?post=201"},{"taxonomy":"product_cat","embeddable":true,"href":"https:\/\/premiumkoreanheadspa.com\/en\/wp-json\/wp\/v2\/product_cat?post=201"},{"taxonomy":"product_tag","embeddable":true,"href":"https:\/\/premiumkoreanheadspa.com\/en\/wp-json\/wp\/v2\/product_tag?post=201"}],"curies":[{"name":"wp","href":"https:\/\/api.w.org\/{rel}","templated":true}]}}