{"id":478,"date":"2024-12-02T22:29:02","date_gmt":"2024-12-02T22:29:02","guid":{"rendered":"https:\/\/premiumkoreanheadspa.com\/?post_type=product&#038;p=478"},"modified":"2024-12-24T21:21:16","modified_gmt":"2024-12-24T21:21:16","slug":"hair-stick-aroma-ampule-10mlx2ea","status":"publish","type":"product","link":"https:\/\/premiumkoreanheadspa.com\/en\/product\/hair-stick-aroma-ampule-10mlx2ea\/","title":{"rendered":"Hair stick aroma ampoules 10mlx2ea"},"content":{"rendered":"<p>These ampoules are the perfect solution for those struggling with sebum regulation, itching, and dandruff. Hair stick aroma ampoules use plant extracts from Asian culture, specifically from South Korea, which enrich the formula, providing soothing and regenerative properties. They are ideal for combating eczema, instantly soothing redness and irritation with chamomile extracts, and also help in treating burns. These ampoules offer the power of aromatherapy, catering to those who love natural ingredients and enjoy the scents of plants.<\/p>","protected":false},"excerpt":{"rendered":"<p>Kome su namenjene: Ove ampule su savr\u0161eno re\u0161enje za one koji se bore sa regulacijom lu\u010denja sebuma, svraba i peruti. Hair stick aroma ampule koriste biljne ekstrakte iz azijske kulture, posebno iz Ju\u017ene Koreje, koji oboga\u0107uju formulu, pru\u017eaju\u0107i umiruju\u0107a i regenerativna svojstva. Idealne su u borbi protiv ekcema, momentalno umiruju crvenilo i iritaciju uz pomo\u0107 ekstrakata kamilice, a tako\u0111e poma\u017eu u le\u010denju opekotina. Ove ampule imaju mo\u0107 aromaterapije, namenjene svima koji vole prirodne sastojke i u\u017eivaju u mirisima biljaka.<\/p>\n<p>Prednosti :<br \/>\nTokom leta : Osve\u017eavaju\u0107i efekat hladi va\u0161u ko\u017eu glave, smanjuju\u0107i rizik od opekotina od sunca i pru\u017eaju\u0107i olak\u0161anje tokom toplih meseci.<br \/>\nTokom zime : Pru\u017ea dodatnu hidrataciju i za\u0161titu od suvo\u0107e, odr\u017eavaju\u0107i va\u0161u ko\u017eu glave zdravom i za\u0161ti\u0107enom.<\/p>\n<p>Upotreba :<br \/>\nHair-stick aroma ampoules are easy to use. Apply the product directly to your scalp using the stick.<\/p>","protected":false},"featured_media":728,"comment_status":"open","ping_status":"closed","template":"","meta":{"_acf_changed":false,"site-sidebar-layout":"default","site-content-layout":"","ast-site-content-layout":"default","site-content-style":"default","site-sidebar-style":"default","ast-global-header-display":"","ast-banner-title-visibility":"","ast-main-header-display":"","ast-hfb-above-header-display":"","ast-hfb-below-header-display":"","ast-hfb-mobile-header-display":"","site-post-title":"","ast-breadcrumbs-content":"","ast-featured-img":"","footer-sml-layout":"","theme-transparent-header-meta":"default","adv-header-id-meta":"","stick-header-meta":"","header-above-stick-meta":"","header-main-stick-meta":"","header-below-stick-meta":"","astra-migrate-meta-layouts":"set","ast-page-background-enabled":"default","ast-page-background-meta":{"desktop":{"background-color":"var(--ast-global-color-4)","background-image":"","background-repeat":"repeat","background-position":"center center","background-size":"auto","background-attachment":"scroll","background-type":"","background-media":"","overlay-type":"","overlay-color":"","overlay-opacity":"","overlay-gradient":""},"tablet":{"background-color":"","background-image":"","background-repeat":"repeat","background-position":"center center","background-size":"auto","background-attachment":"scroll","background-type":"","background-media":"","overlay-type":"","overlay-color":"","overlay-opacity":"","overlay-gradient":""},"mobile":{"background-color":"","background-image":"","background-repeat":"repeat","background-position":"center center","background-size":"auto","background-attachment":"scroll","background-type":"","background-media":"","overlay-type":"","overlay-color":"","overlay-opacity":"","overlay-gradient":""}},"ast-content-background-meta":{"desktop":{"background-color":"var(--ast-global-color-5)","background-image":"","background-repeat":"repeat","background-position":"center center","background-size":"auto","background-attachment":"scroll","background-type":"","background-media":"","overlay-type":"","overlay-color":"","overlay-opacity":"","overlay-gradient":""},"tablet":{"background-color":"var(--ast-global-color-5)","background-image":"","background-repeat":"repeat","background-position":"center center","background-size":"auto","background-attachment":"scroll","background-type":"","background-media":"","overlay-type":"","overlay-color":"","overlay-opacity":"","overlay-gradient":""},"mobile":{"background-color":"var(--ast-global-color-5)","background-image":"","background-repeat":"repeat","background-position":"center center","background-size":"auto","background-attachment":"scroll","background-type":"","background-media":"","overlay-type":"","overlay-color":"","overlay-opacity":"","overlay-gradient":""}}},"product_brand":[],"product_cat":[16],"product_tag":[],"class_list":{"0":"post-478","1":"product","2":"type-product","3":"status-publish","4":"has-post-thumbnail","6":"product_cat-uncategorized","7":"desktop-align-center","8":"tablet-align-center","9":"mobile-align-center","11":"first","12":"instock","13":"shipping-taxable","14":"purchasable","15":"product-type-simple"},"acf":[],"_links":{"self":[{"href":"https:\/\/premiumkoreanheadspa.com\/en\/wp-json\/wp\/v2\/product\/478","targetHints":{"allow":["GET"]}}],"collection":[{"href":"https:\/\/premiumkoreanheadspa.com\/en\/wp-json\/wp\/v2\/product"}],"about":[{"href":"https:\/\/premiumkoreanheadspa.com\/en\/wp-json\/wp\/v2\/types\/product"}],"replies":[{"embeddable":true,"href":"https:\/\/premiumkoreanheadspa.com\/en\/wp-json\/wp\/v2\/comments?post=478"}],"wp:featuredmedia":[{"embeddable":true,"href":"https:\/\/premiumkoreanheadspa.com\/en\/wp-json\/wp\/v2\/media\/728"}],"wp:attachment":[{"href":"https:\/\/premiumkoreanheadspa.com\/en\/wp-json\/wp\/v2\/media?parent=478"}],"wp:term":[{"taxonomy":"product_brand","embeddable":true,"href":"https:\/\/premiumkoreanheadspa.com\/en\/wp-json\/wp\/v2\/product_brand?post=478"},{"taxonomy":"product_cat","embeddable":true,"href":"https:\/\/premiumkoreanheadspa.com\/en\/wp-json\/wp\/v2\/product_cat?post=478"},{"taxonomy":"product_tag","embeddable":true,"href":"https:\/\/premiumkoreanheadspa.com\/en\/wp-json\/wp\/v2\/product_tag?post=478"}],"curies":[{"name":"wp","href":"https:\/\/api.w.org\/{rel}","templated":true}]}}